{"id":3539,"date":"2022-03-16T13:44:07","date_gmt":"2022-03-16T12:44:07","guid":{"rendered":"https:\/\/dev-eat-life.fundesplai.org\/el-projecte\/"},"modified":"2023-01-02T11:06:12","modified_gmt":"2023-01-02T10:06:12","slug":"the-project","status":"publish","type":"page","link":"https:\/\/eat-life.fundesplai.org\/en\/the-project\/","title":{"rendered":"The project"},"content":{"rendered":"\n<div class=\"wp-block-columns has-white-color has-text-color has-background is-layout-flex wp-container-core-columns-is-layout-9d6595d7 wp-block-columns-is-layout-flex\" style=\"background-color:#015b40\">\n<div class=\"wp-block-column has-white-color has-text-color is-layout-flow wp-block-column-is-layout-flow\" style=\"flex-basis:33.33%\">\n<h3 class=\"wp-block-heading\">GOALS<\/h3>\n<\/div>\n\n\n\n<div class=\"wp-block-column is-layout-flow wp-block-column-is-layout-flow\" style=\"flex-basis:66.66%\">\n<div class=\"wp-block-columns is-layout-flex wp-container-core-columns-is-layout-9d6595d7 wp-block-columns-is-layout-flex\">\n<div class=\"wp-block-column is-layout-flow wp-block-column-is-layout-flow\" style=\"flex-basis:100%\">\n<ol class=\"wp-block-list\">\n<li>Promote a sense of urgency towards a fairer, healthy, and environmentally sustainable food model.<\/li>\n\n\n\n<li>Educate about food&#8217;s ecological and carbon footprint, and raise awareness regarding our responsibility as consumers.<\/li>\n\n\n\n<li>Encourage a change of habits towards adopting sustainable, healthy and accessible food for everyone, and offer tools to citizens to make positive changes in their diets.<\/li>\n\n\n\n<li>To give visibility to existing initiatives and alternatives for a better agri-food system. <\/li>\n\n\n\n<li>Boost the role of educational centres as essential agents for achieving environmental goals.<\/li>\n<\/ol>\n<\/div>\n<\/div>\n<\/div>\n<\/div>\n\n\n\n<div class=\"wp-block-columns has-white-color has-text-color has-background is-layout-flex wp-container-core-columns-is-layout-9d6595d7 wp-block-columns-is-layout-flex\" style=\"background-color:#9db496\">\n<div class=\"wp-block-column has-white-color has-text-color is-layout-flow wp-block-column-is-layout-flow\" style=\"flex-basis:33.33%\">\n<h3 class=\"wp-block-heading\">DURATION<\/h3>\n<\/div>\n\n\n\n<div class=\"wp-block-column is-layout-flow wp-block-column-is-layout-flow\" style=\"flex-basis:66.66%\">\n<p>From 09-2021 to 08-2023<\/p>\n<\/div>\n<\/div>\n\n\n\n<div class=\"wp-block-columns has-white-color has-text-color has-background is-layout-flex wp-container-core-columns-is-layout-9d6595d7 wp-block-columns-is-layout-flex\" style=\"background-color:#015b40\">\n<div class=\"wp-block-column has-white-color has-text-color is-layout-flow wp-block-column-is-layout-flow\" style=\"flex-basis:33.33%\">\n<h3 class=\"wp-block-heading\">ACTIVITIES<\/h3>\n<\/div>\n\n\n\n<div class=\"wp-block-column is-layout-flow wp-block-column-is-layout-flow\" style=\"flex-basis:66.66%\">\n<p>&#8211; <a href=\"https:\/\/eat-life.fundesplai.org\/en\/conferencies\/\" target=\"_blank\" rel=\"noreferrer noopener\">Series of experts talks and contents<\/a><br>&#8211; <a href=\"https:\/\/eat-life.fundesplai.org\/en\/workshops-for-families\/\" target=\"_blank\" rel=\"noreferrer noopener\">Family workshops<\/a> <br>&#8211; <a href=\"https:\/\/eat-life.fundesplai.org\/en\/trainings\/\" target=\"_blank\" rel=\"noreferrer noopener\">Courses on sustainable eating<\/a><br>&#8211; <a href=\"https:\/\/eat-life.fundesplai.org\/en\/educational-resources\/\" target=\"_blank\" rel=\"noreferrer noopener\">Educational resources<\/a><br>&#8211; <a href=\"https:\/\/eat-life.fundesplai.org\/en\/young-for-tomorrow-awards\/\" target=\"_blank\" rel=\"noreferrer noopener\">Youth for tomorrow awards<\/a><\/p>\n<\/div>\n<\/div>\n\n\n\n<div class=\"wp-block-columns has-white-color has-text-color has-background is-layout-flex wp-container-core-columns-is-layout-9d6595d7 wp-block-columns-is-layout-flex\" style=\"background-color:#9db496\">\n<div class=\"wp-block-column has-white-color has-text-color is-layout-flow wp-block-column-is-layout-flow\" style=\"flex-basis:33.33%\">\n<h3 class=\"wp-block-heading\">PROMOTER<\/h3>\n<\/div>\n\n\n\n<div class=\"wp-block-column is-layout-flow wp-block-column-is-layout-flow\" style=\"flex-basis:66.66%\">\n<p>Fundesplai<\/p>\n<\/div>\n<\/div>\n\n\n\n<div class=\"wp-block-columns has-white-color has-text-color has-background is-layout-flex wp-container-core-columns-is-layout-9d6595d7 wp-block-columns-is-layout-flex\" style=\"background-color:#015b40\">\n<div class=\"wp-block-column has-white-color has-text-color is-layout-flow wp-block-column-is-layout-flow\" style=\"flex-basis:33.33%\">\n<h3 class=\"wp-block-heading\">FUNDING<\/h3>\n<\/div>\n\n\n\n<div class=\"wp-block-column is-layout-flow wp-block-column-is-layout-flow\" style=\"flex-basis:66.66%\">\n<p>The European Union is funding the project through the LIFE programme.<\/p>\n<\/div>\n<\/div>\n\n\n\n<div class=\"wp-block-columns has-white-color has-text-color has-background is-layout-flex wp-container-core-columns-is-layout-9d6595d7 wp-block-columns-is-layout-flex\" style=\"background-color:#9db496\">\n<div class=\"wp-block-column has-white-color has-text-color is-layout-flow wp-block-column-is-layout-flow\" style=\"flex-basis:33.33%\">\n<h3 class=\"wp-block-heading\">CONTACT<\/h3>\n<\/div>\n\n\n\n<div class=\"wp-block-column is-layout-flow wp-block-column-is-layout-flow\" style=\"flex-basis:66.66%\">\n<p>euro.projects@fundesplai.org<\/p>\n<\/div>\n<\/div>\n\n\n\n<p><\/p>\n","protected":false},"excerpt":{"rendered":"<p>GOALS DURATION From 09-2021 to 08-2023 ACTIVITIES &#8211; Series of experts talks and contents&#8211; Family workshops &#8211; [&hellip;]<\/p>\n","protected":false},"author":1,"featured_media":0,"parent":0,"menu_order":0,"comment_status":"closed","ping_status":"closed","template":"template\/full-width.php","meta":{"inline_featured_image":false,"footnotes":""},"class_list":["post-3539","page","type-page","status-publish","hentry"],"yoast_head":"<!-- This site is optimized with the Yoast SEO plugin v27.4 - https:\/\/yoast.com\/product\/yoast-seo-wordpress\/ -->\n<title>The project - EAT: LIFE<\/title>\n<meta name=\"robots\" content=\"noindex, follow, max-snippet:-1, max-image-preview:large, max-video-preview:-1\" \/>\n<meta property=\"og:locale\" content=\"en_US\" \/>\n<meta property=\"og:type\" content=\"article\" \/>\n<meta property=\"og:title\" content=\"The project - EAT: LIFE\" \/>\n<meta property=\"og:description\" content=\"GOALS DURATION From 09-2021 to 08-2023 ACTIVITIES &#8211; Series of experts talks and contents&#8211; Family workshops &#8211; [&hellip;]\" \/>\n<meta property=\"og:url\" content=\"https:\/\/eat-life.fundesplai.org\/el-projecte\/\" \/>\n<meta property=\"og:site_name\" content=\"EAT: LIFE\" \/>\n<meta property=\"article:modified_time\" content=\"2023-01-02T10:06:12+00:00\" \/>\n<meta name=\"twitter:card\" content=\"summary_large_image\" \/>\n<meta name=\"twitter:label1\" content=\"Est. reading time\" \/>\n\t<meta name=\"twitter:data1\" content=\"1 minute\" \/>\n<script type=\"application\/ld+json\" class=\"yoast-schema-graph\">{\"@context\":\"https:\\\/\\\/schema.org\",\"@graph\":[{\"@type\":\"WebPage\",\"@id\":\"https:\\\/\\\/eat-life.fundesplai.org\\\/el-projecte\\\/\",\"url\":\"https:\\\/\\\/eat-life.fundesplai.org\\\/el-projecte\\\/\",\"name\":\"The project - EAT: LIFE\",\"isPartOf\":{\"@id\":\"https:\\\/\\\/eat-life.fundesplai.org\\\/#website\"},\"datePublished\":\"2022-03-16T12:44:07+00:00\",\"dateModified\":\"2023-01-02T10:06:12+00:00\",\"inLanguage\":\"en-US\",\"potentialAction\":[{\"@type\":\"ReadAction\",\"target\":[\"https:\\\/\\\/eat-life.fundesplai.org\\\/el-projecte\\\/\"]}]},{\"@type\":\"WebSite\",\"@id\":\"https:\\\/\\\/eat-life.fundesplai.org\\\/#website\",\"url\":\"https:\\\/\\\/eat-life.fundesplai.org\\\/\",\"name\":\"EAT: LIFE\",\"description\":\"Una exposici\u00f3 tem\u00e0tica sobre el futur de l&#039;alimentaci\u00f3\",\"potentialAction\":[{\"@type\":\"SearchAction\",\"target\":{\"@type\":\"EntryPoint\",\"urlTemplate\":\"https:\\\/\\\/eat-life.fundesplai.org\\\/?s={search_term_string}\"},\"query-input\":{\"@type\":\"PropertyValueSpecification\",\"valueRequired\":true,\"valueName\":\"search_term_string\"}}],\"inLanguage\":\"en-US\"}]}<\/script>\n<!-- \/ Yoast SEO plugin. -->","yoast_head_json":{"title":"The project - EAT: LIFE","robots":{"index":"noindex","follow":"follow","max-snippet":"max-snippet:-1","max-image-preview":"max-image-preview:large","max-video-preview":"max-video-preview:-1"},"og_locale":"en_US","og_type":"article","og_title":"The project - EAT: LIFE","og_description":"GOALS DURATION From 09-2021 to 08-2023 ACTIVITIES &#8211; Series of experts talks and contents&#8211; Family workshops &#8211; [&hellip;]","og_url":"https:\/\/eat-life.fundesplai.org\/el-projecte\/","og_site_name":"EAT: LIFE","article_modified_time":"2023-01-02T10:06:12+00:00","twitter_card":"summary_large_image","twitter_misc":{"Est. reading time":"1 minute"},"schema":{"@context":"https:\/\/schema.org","@graph":[{"@type":"WebPage","@id":"https:\/\/eat-life.fundesplai.org\/el-projecte\/","url":"https:\/\/eat-life.fundesplai.org\/el-projecte\/","name":"The project - EAT: LIFE","isPartOf":{"@id":"https:\/\/eat-life.fundesplai.org\/#website"},"datePublished":"2022-03-16T12:44:07+00:00","dateModified":"2023-01-02T10:06:12+00:00","inLanguage":"en-US","potentialAction":[{"@type":"ReadAction","target":["https:\/\/eat-life.fundesplai.org\/el-projecte\/"]}]},{"@type":"WebSite","@id":"https:\/\/eat-life.fundesplai.org\/#website","url":"https:\/\/eat-life.fundesplai.org\/","name":"EAT: LIFE","description":"Una exposici\u00f3 tem\u00e0tica sobre el futur de l&#039;alimentaci\u00f3","potentialAction":[{"@type":"SearchAction","target":{"@type":"EntryPoint","urlTemplate":"https:\/\/eat-life.fundesplai.org\/?s={search_term_string}"},"query-input":{"@type":"PropertyValueSpecification","valueRequired":true,"valueName":"search_term_string"}}],"inLanguage":"en-US"}]}},"_links":{"self":[{"href":"https:\/\/eat-life.fundesplai.org\/en\/wp-json\/wp\/v2\/pages\/3539","targetHints":{"allow":["GET"]}}],"collection":[{"href":"https:\/\/eat-life.fundesplai.org\/en\/wp-json\/wp\/v2\/pages"}],"about":[{"href":"https:\/\/eat-life.fundesplai.org\/en\/wp-json\/wp\/v2\/types\/page"}],"author":[{"embeddable":true,"href":"https:\/\/eat-life.fundesplai.org\/en\/wp-json\/wp\/v2\/users\/1"}],"replies":[{"embeddable":true,"href":"https:\/\/eat-life.fundesplai.org\/en\/wp-json\/wp\/v2\/comments?post=3539"}],"version-history":[{"count":11,"href":"https:\/\/eat-life.fundesplai.org\/en\/wp-json\/wp\/v2\/pages\/3539\/revisions"}],"predecessor-version":[{"id":6198,"href":"https:\/\/eat-life.fundesplai.org\/en\/wp-json\/wp\/v2\/pages\/3539\/revisions\/6198"}],"wp:attachment":[{"href":"https:\/\/eat-life.fundesplai.org\/en\/wp-json\/wp\/v2\/media?parent=3539"}],"curies":[{"name":"wp","href":"https:\/\/api.w.org\/{rel}","templated":true}]}}