{"id":3549,"date":"2022-03-16T17:01:08","date_gmt":"2022-03-16T16:01:08","guid":{"rendered":"https:\/\/dev-eat-life.fundesplai.org\/altres-recursos\/"},"modified":"2022-12-16T11:30:44","modified_gmt":"2022-12-16T10:30:44","slug":"other-resources","status":"publish","type":"page","link":"https:\/\/eat-life.fundesplai.org\/en\/other-resources\/","title":{"rendered":"Other resources"},"content":{"rendered":"  \n\n<a class=\"accordion-pmf\">Webs<\/a>\n<div class=\"panel-pmf\"><ul class=\"ul1\">\r\n \t<li class=\"li1\"><span class=\"s2\">AGENDA 2030 I OBJECTIUS DESENVOLUPAMENT SOSTENIBLE (ODS). Departament de Medi Ambient:\u00a0<a href=\"http:\/\/mediambient.gencat.cat\/ca\/05_ambits_dactuacio\/educacio_i_sostenibilitat\/desenvolupament_sostenible\/agenda-2030-ods\/\"><span class=\"s3\">http:\/\/mediambient.gencat.cat\/ca\/05_ambits_dactuacio\/educacio_i_sostenibilitat\/desenvolupament_sostenible\/agenda-2030-ods\/<\/span><\/a><\/span><\/li>\r\n \t<li class=\"li2\">AJUNTAMENT DE BARCELONA: Barcelona Capital Mundial de l\u2019Alimentaci\u00f3 Sostenible 2021<b>\u00a0.\u00a0<\/b><a href=\"https:\/\/alimentaciosostenible.barcelona\/\"><span class=\"s3\">https:\/\/alimentaciosostenible.barcelona\/<\/span><\/a><\/li>\r\n \t<li class=\"li2\">ASSOCIACI\u00d3 JUST\u00cdCIA ALIMENT\u00c0RIA:\u00a0<a href=\"https:\/\/justiciaalimentaria.org\/\"><span class=\"s3\">https:\/\/justiciaalimentaria.org<\/span><\/a><\/li>\r\n \t<li class=\"li2\">C\u00c0TEDRA D\u2019AGROECOLOGIA I SISTEMES ALIMENTARIS. Universitat de Vic.\u00a0<a href=\"https:\/\/mon.uvic.cat\/catedra-agroecologia\/es\/\"><span class=\"s3\">https:\/\/mon.uvic.cat\/catedra-agroecologia\/es\/<\/span><\/a><\/li>\r\n \t<li class=\"li2\">CENTRE PROMOTOR D\u2019APRENENTATGE SERVEI:\u00a0<a href=\"https:\/\/aprenentatgeservei.cat\/\"><span class=\"s6\">https:\/\/aprenentatgeservei.cat\/<\/span><\/a><\/li>\r\n<\/ul><\/div>\n  \n\n\n  \n\n<a class=\"accordion-pmf\">Reports and guides from other organisations<\/a>\n<div class=\"panel-pmf\"><ul class=\"ul1\">\n<li class=\"li1\"><span class=\"s2\">AGENDA 2030 I OBJECTIUS DESENVOLUPAMENT SOSTENIBLE (ODS). Departament de Medi Ambient:\u00a0<a href=\"http:\/\/mediambient.gencat.cat\/ca\/05_ambits_dactuacio\/educacio_i_sostenibilitat\/desenvolupament_sostenible\/agenda-2030-ods\/\"><span class=\"s3\">http:\/\/mediambient.gencat.cat\/ca\/05_ambits_dactuacio\/educacio_i_sostenibilitat\/desenvolupament_sostenible\/agenda-2030-ods\/<\/span><\/a><\/span><\/li>\n<li class=\"li2\">AJUNTAMENT DE BARCELONA: Barcelona Capital Mundial de l\u2019Alimentaci\u00f3 Sostenible 2021<b>\u00a0.\u00a0<\/b><a href=\"https:\/\/alimentaciosostenible.barcelona\/\"><span class=\"s3\">https:\/\/alimentaciosostenible.barcelona\/<\/span><\/a><\/li>\n<li class=\"li2\">ASSOCIACI\u00d3 JUST\u00cdCIA ALIMENT\u00c0RIA:\u00a0<a href=\"https:\/\/justiciaalimentaria.org\/\"><span class=\"s3\">https:\/\/justiciaalimentaria.org<\/span><\/a><\/li>\n<li class=\"li2\">C\u00c0TEDRA D\u2019AGROECOLOGIA I SISTEMES ALIMENTARIS. Universitat de Vic.\u00a0<a href=\"https:\/\/mon.uvic.cat\/catedra-agroecologia\/es\/\"><span class=\"s3\">https:\/\/mon.uvic.cat\/catedra-agroecologia\/es\/<\/span><\/a><\/li>\n<li class=\"li2\">CENTRE PROMOTOR D\u2019APRENENTATGE SERVEI:\u00a0<a href=\"https:\/\/aprenentatgeservei.cat\/\"><span class=\"s6\">https:\/\/aprenentatgeservei.cat\/<\/span><\/a><\/li>\n<\/ul>\n<\/div>\n  \n\n\n  \n\n<a class=\"accordion-pmf\">Other educational resources<\/a>\n<div class=\"panel-pmf\"><ul class=\"ul1\">\n<li class=\"li1\"><span class=\"s2\">AGENDA 2030 I OBJECTIUS DESENVOLUPAMENT SOSTENIBLE (ODS). Departament de Medi Ambient:\u00a0<a href=\"http:\/\/mediambient.gencat.cat\/ca\/05_ambits_dactuacio\/educacio_i_sostenibilitat\/desenvolupament_sostenible\/agenda-2030-ods\/\"><span class=\"s3\">http:\/\/mediambient.gencat.cat\/ca\/05_ambits_dactuacio\/educacio_i_sostenibilitat\/desenvolupament_sostenible\/agenda-2030-ods\/<\/span><\/a><\/span><\/li>\n<li class=\"li2\">AJUNTAMENT DE BARCELONA: Barcelona Capital Mundial de l\u2019Alimentaci\u00f3 Sostenible 2021<b>\u00a0.\u00a0<\/b><a href=\"https:\/\/alimentaciosostenible.barcelona\/\"><span class=\"s3\">https:\/\/alimentaciosostenible.barcelona\/<\/span><\/a><\/li>\n<li class=\"li2\">ASSOCIACI\u00d3 JUST\u00cdCIA ALIMENT\u00c0RIA:\u00a0<a href=\"https:\/\/justiciaalimentaria.org\/\"><span class=\"s3\">https:\/\/justiciaalimentaria.org<\/span><\/a><\/li>\n<li class=\"li2\">C\u00c0TEDRA D\u2019AGROECOLOGIA I SISTEMES ALIMENTARIS. Universitat de Vic.\u00a0<a href=\"https:\/\/mon.uvic.cat\/catedra-agroecologia\/es\/\"><span class=\"s3\">https:\/\/mon.uvic.cat\/catedra-agroecologia\/es\/<\/span><\/a><\/li>\n<li class=\"li2\">CENTRE PROMOTOR D\u2019APRENENTATGE SERVEI:\u00a0<a href=\"https:\/\/aprenentatgeservei.cat\/\"><span class=\"s6\">https:\/\/aprenentatgeservei.cat\/<\/span><\/a><\/li>\n<\/ul>\n<\/div>\n  \n","protected":false},"excerpt":{"rendered":"","protected":false},"author":1,"featured_media":0,"parent":0,"menu_order":0,"comment_status":"closed","ping_status":"closed","template":"template\/full-width.php","meta":{"inline_featured_image":false,"footnotes":""},"class_list":["post-3549","page","type-page","status-publish","hentry"],"yoast_head":"<!-- This site is optimized with the Yoast SEO plugin v27.4 - https:\/\/yoast.com\/product\/yoast-seo-wordpress\/ -->\n<title>Other resources - EAT: LIFE<\/title>\n<meta name=\"robots\" content=\"noindex, follow, max-snippet:-1, max-image-preview:large, max-video-preview:-1\" \/>\n<meta property=\"og:locale\" content=\"en_US\" \/>\n<meta property=\"og:type\" content=\"article\" \/>\n<meta property=\"og:title\" content=\"Other resources - EAT: LIFE\" \/>\n<meta property=\"og:url\" content=\"https:\/\/eat-life.fundesplai.org\/altres-recursos\/\" \/>\n<meta property=\"og:site_name\" content=\"EAT: LIFE\" \/>\n<meta property=\"article:modified_time\" content=\"2022-12-16T10:30:44+00:00\" \/>\n<meta name=\"twitter:card\" content=\"summary_large_image\" \/>\n<script type=\"application\/ld+json\" class=\"yoast-schema-graph\">{\"@context\":\"https:\\\/\\\/schema.org\",\"@graph\":[{\"@type\":\"WebPage\",\"@id\":\"https:\\\/\\\/eat-life.fundesplai.org\\\/altres-recursos\\\/\",\"url\":\"https:\\\/\\\/eat-life.fundesplai.org\\\/altres-recursos\\\/\",\"name\":\"Other resources - EAT: LIFE\",\"isPartOf\":{\"@id\":\"https:\\\/\\\/eat-life.fundesplai.org\\\/#website\"},\"datePublished\":\"2022-03-16T16:01:08+00:00\",\"dateModified\":\"2022-12-16T10:30:44+00:00\",\"inLanguage\":\"en-US\",\"potentialAction\":[{\"@type\":\"ReadAction\",\"target\":[\"https:\\\/\\\/eat-life.fundesplai.org\\\/altres-recursos\\\/\"]}]},{\"@type\":\"WebSite\",\"@id\":\"https:\\\/\\\/eat-life.fundesplai.org\\\/#website\",\"url\":\"https:\\\/\\\/eat-life.fundesplai.org\\\/\",\"name\":\"EAT: LIFE\",\"description\":\"Una exposici\u00f3 tem\u00e0tica sobre el futur de l&#039;alimentaci\u00f3\",\"potentialAction\":[{\"@type\":\"SearchAction\",\"target\":{\"@type\":\"EntryPoint\",\"urlTemplate\":\"https:\\\/\\\/eat-life.fundesplai.org\\\/?s={search_term_string}\"},\"query-input\":{\"@type\":\"PropertyValueSpecification\",\"valueRequired\":true,\"valueName\":\"search_term_string\"}}],\"inLanguage\":\"en-US\"}]}<\/script>\n<!-- \/ Yoast SEO plugin. -->","yoast_head_json":{"title":"Other resources - EAT: LIFE","robots":{"index":"noindex","follow":"follow","max-snippet":"max-snippet:-1","max-image-preview":"max-image-preview:large","max-video-preview":"max-video-preview:-1"},"og_locale":"en_US","og_type":"article","og_title":"Other resources - EAT: LIFE","og_url":"https:\/\/eat-life.fundesplai.org\/altres-recursos\/","og_site_name":"EAT: LIFE","article_modified_time":"2022-12-16T10:30:44+00:00","twitter_card":"summary_large_image","schema":{"@context":"https:\/\/schema.org","@graph":[{"@type":"WebPage","@id":"https:\/\/eat-life.fundesplai.org\/altres-recursos\/","url":"https:\/\/eat-life.fundesplai.org\/altres-recursos\/","name":"Other resources - EAT: LIFE","isPartOf":{"@id":"https:\/\/eat-life.fundesplai.org\/#website"},"datePublished":"2022-03-16T16:01:08+00:00","dateModified":"2022-12-16T10:30:44+00:00","inLanguage":"en-US","potentialAction":[{"@type":"ReadAction","target":["https:\/\/eat-life.fundesplai.org\/altres-recursos\/"]}]},{"@type":"WebSite","@id":"https:\/\/eat-life.fundesplai.org\/#website","url":"https:\/\/eat-life.fundesplai.org\/","name":"EAT: LIFE","description":"Una exposici\u00f3 tem\u00e0tica sobre el futur de l&#039;alimentaci\u00f3","potentialAction":[{"@type":"SearchAction","target":{"@type":"EntryPoint","urlTemplate":"https:\/\/eat-life.fundesplai.org\/?s={search_term_string}"},"query-input":{"@type":"PropertyValueSpecification","valueRequired":true,"valueName":"search_term_string"}}],"inLanguage":"en-US"}]}},"_links":{"self":[{"href":"https:\/\/eat-life.fundesplai.org\/en\/wp-json\/wp\/v2\/pages\/3549","targetHints":{"allow":["GET"]}}],"collection":[{"href":"https:\/\/eat-life.fundesplai.org\/en\/wp-json\/wp\/v2\/pages"}],"about":[{"href":"https:\/\/eat-life.fundesplai.org\/en\/wp-json\/wp\/v2\/types\/page"}],"author":[{"embeddable":true,"href":"https:\/\/eat-life.fundesplai.org\/en\/wp-json\/wp\/v2\/users\/1"}],"replies":[{"embeddable":true,"href":"https:\/\/eat-life.fundesplai.org\/en\/wp-json\/wp\/v2\/comments?post=3549"}],"version-history":[{"count":3,"href":"https:\/\/eat-life.fundesplai.org\/en\/wp-json\/wp\/v2\/pages\/3549\/revisions"}],"predecessor-version":[{"id":5954,"href":"https:\/\/eat-life.fundesplai.org\/en\/wp-json\/wp\/v2\/pages\/3549\/revisions\/5954"}],"wp:attachment":[{"href":"https:\/\/eat-life.fundesplai.org\/en\/wp-json\/wp\/v2\/media?parent=3549"}],"curies":[{"name":"wp","href":"https:\/\/api.w.org\/{rel}","templated":true}]}}