{"id":3561,"date":"2021-09-10T10:24:56","date_gmt":"2021-09-10T08:24:56","guid":{"rendered":"https:\/\/dev-eat-life.fundesplai.org\/politica-de-privacitat\/"},"modified":"2022-12-16T11:25:27","modified_gmt":"2022-12-16T10:25:27","slug":"privacy-policy","status":"publish","type":"page","link":"https:\/\/eat-life.fundesplai.org\/en\/privacy-policy\/","title":{"rendered":"Privacy policy"},"content":{"rendered":"\n<p>This Privacy Policy details how the Fundaci\u00f3 Catalana de l&#8217;Esplai (Fundesplai) and Dem\u00e0 M\u00f3n Sostenible, S.L., in their capacity as jointly responsible for the data treatment, will treat the personal data of the users of this website.<\/p>\n\n\n\n<p>Fundesplai and Dem\u00e0 M\u00f3n Sostenible, S.L. have their registered office at 08820 El Prat de Llobregat (Barcelona), Carrer Riu Anoia, 42-54, Edifici Centre Esplai; and interested parties may contact them by e-mail at the address <a href=\"mailto:dadespersonals@fundesplai.org\">dadespersonals@fundesplai.org<\/a> to make enquiries and exercise their rights concerning the processing of their personal data.<\/p>\n\n\n\n<h2 class=\"wp-block-heading\">PURPOSE<\/h2>\n\n\n\n<p>Depending on the use that users make of the website, the co-responsible parties will process the user&#8217;s personal data for one of the following purposes:<\/p>\n\n\n\n<ul class=\"wp-block-list\">\n<li>To answer the queries that users may make on the form provided for this purpose.<\/li>\n\n\n\n<li>To send the newsletter if they have subscribed to it.<\/li>\n\n\n\n<li>Carry out surveys.<\/li>\n\n\n\n<li>Sell tickets for events organised by the Foundation.<\/li>\n<\/ul>\n\n\n\n<p>The data will be kept for as long as necessary to fulfil the purpose described above, without prejudice to the possibility of keeping them for a longer period if required by law.<\/p>\n\n\n\n<p>Users will not be subject to automated decisions nor will they be profiled.<\/p>\n\n\n\n<h2 class=\"wp-block-heading\">LEGITIMACY<\/h2>\n\n\n\n<p>The legitimate basis on the part of the co-responsible parties for processing the user&#8217;s personal data depends on the user&#8217;s type of processing. In this way, the legitimate bases will be the following:<\/p>\n\n\n\n<ul class=\"wp-block-list\">\n<li>To respond to the different queries received from users, their own legitimate interest (art. 6.1.f) RGPD);<\/li>\n\n\n\n<li>For sending the newsletter, the consent previously given by the user (art. 6.1.a) RGPD). Consent may be revoked by the user at any time, free of charge.<\/li>\n\n\n\n<li>For the carrying out of surveys, prior consent of the user for this purpose (art. 6.1.a) RGPD). Consent may be revoked by the user at any time, free of charge.<\/li>\n\n\n\n<li>To sell tickets for events organised by the Foundation in compliance with a contract to which the user is a party (6.1.b) RGPD).<\/li>\n<\/ul>\n\n\n\n<h2 class=\"wp-block-heading\">ADDRESSEES<\/h2>\n\n\n\n<p>No provision is made for the transfer of data to third parties or the international transfer of such data. This is without prejudice to the possibility that data may be transferred between the different entities that form part of the same group of the Foundation to carry out the aforementioned services.<\/p>\n\n\n\n<h2 class=\"wp-block-heading\">RIGHTS<\/h2>\n\n\n\n<p>Users shall at all times have the right to access, rectify, cancel and, if applicable, oppose the processing of their personal data, as well as to complain to the relevant Data Protection Authorities.<\/p>\n","protected":false},"excerpt":{"rendered":"<p>This Privacy Policy details how the Fundaci\u00f3 Catalana de l&#8217;Esplai (Fundesplai) and Dem\u00e0 M\u00f3n Sostenible, S.L., in [&hellip;]<\/p>\n","protected":false},"author":1,"featured_media":0,"parent":0,"menu_order":0,"comment_status":"closed","ping_status":"open","template":"template\/full-width.php","meta":{"inline_featured_image":false,"footnotes":""},"class_list":["post-3561","page","type-page","status-publish","hentry"],"yoast_head":"<!-- This site is optimized with the Yoast SEO plugin v27.4 - https:\/\/yoast.com\/product\/yoast-seo-wordpress\/ -->\n<title>Privacy policy - EAT: LIFE<\/title>\n<meta name=\"robots\" content=\"noindex, follow, max-snippet:-1, max-image-preview:large, max-video-preview:-1\" \/>\n<meta property=\"og:locale\" content=\"en_US\" \/>\n<meta property=\"og:type\" content=\"article\" \/>\n<meta property=\"og:title\" content=\"Privacy policy - EAT: LIFE\" \/>\n<meta property=\"og:description\" content=\"This Privacy Policy details how the Fundaci\u00f3 Catalana de l&#8217;Esplai (Fundesplai) and Dem\u00e0 M\u00f3n Sostenible, S.L., in [&hellip;]\" \/>\n<meta property=\"og:url\" content=\"https:\/\/eat-life.fundesplai.org\/politica-de-privacitat\/\" \/>\n<meta property=\"og:site_name\" content=\"EAT: LIFE\" \/>\n<meta property=\"article:modified_time\" content=\"2022-12-16T10:25:27+00:00\" \/>\n<meta name=\"twitter:card\" content=\"summary_large_image\" \/>\n<meta name=\"twitter:label1\" content=\"Est. reading time\" \/>\n\t<meta name=\"twitter:data1\" content=\"3 minutes\" \/>\n<script type=\"application\/ld+json\" class=\"yoast-schema-graph\">{\"@context\":\"https:\\\/\\\/schema.org\",\"@graph\":[{\"@type\":\"WebPage\",\"@id\":\"https:\\\/\\\/eat-life.fundesplai.org\\\/politica-de-privacitat\\\/\",\"url\":\"https:\\\/\\\/eat-life.fundesplai.org\\\/politica-de-privacitat\\\/\",\"name\":\"Privacy policy - EAT: LIFE\",\"isPartOf\":{\"@id\":\"https:\\\/\\\/eat-life.fundesplai.org\\\/#website\"},\"datePublished\":\"2021-09-10T08:24:56+00:00\",\"dateModified\":\"2022-12-16T10:25:27+00:00\",\"inLanguage\":\"en-US\",\"potentialAction\":[{\"@type\":\"ReadAction\",\"target\":[\"https:\\\/\\\/eat-life.fundesplai.org\\\/politica-de-privacitat\\\/\"]}]},{\"@type\":\"WebSite\",\"@id\":\"https:\\\/\\\/eat-life.fundesplai.org\\\/#website\",\"url\":\"https:\\\/\\\/eat-life.fundesplai.org\\\/\",\"name\":\"EAT: LIFE\",\"description\":\"Una exposici\u00f3 tem\u00e0tica sobre el futur de l&#039;alimentaci\u00f3\",\"potentialAction\":[{\"@type\":\"SearchAction\",\"target\":{\"@type\":\"EntryPoint\",\"urlTemplate\":\"https:\\\/\\\/eat-life.fundesplai.org\\\/?s={search_term_string}\"},\"query-input\":{\"@type\":\"PropertyValueSpecification\",\"valueRequired\":true,\"valueName\":\"search_term_string\"}}],\"inLanguage\":\"en-US\"}]}<\/script>\n<!-- \/ Yoast SEO plugin. -->","yoast_head_json":{"title":"Privacy policy - EAT: LIFE","robots":{"index":"noindex","follow":"follow","max-snippet":"max-snippet:-1","max-image-preview":"max-image-preview:large","max-video-preview":"max-video-preview:-1"},"og_locale":"en_US","og_type":"article","og_title":"Privacy policy - EAT: LIFE","og_description":"This Privacy Policy details how the Fundaci\u00f3 Catalana de l&#8217;Esplai (Fundesplai) and Dem\u00e0 M\u00f3n Sostenible, S.L., in [&hellip;]","og_url":"https:\/\/eat-life.fundesplai.org\/politica-de-privacitat\/","og_site_name":"EAT: LIFE","article_modified_time":"2022-12-16T10:25:27+00:00","twitter_card":"summary_large_image","twitter_misc":{"Est. reading time":"3 minutes"},"schema":{"@context":"https:\/\/schema.org","@graph":[{"@type":"WebPage","@id":"https:\/\/eat-life.fundesplai.org\/politica-de-privacitat\/","url":"https:\/\/eat-life.fundesplai.org\/politica-de-privacitat\/","name":"Privacy policy - EAT: LIFE","isPartOf":{"@id":"https:\/\/eat-life.fundesplai.org\/#website"},"datePublished":"2021-09-10T08:24:56+00:00","dateModified":"2022-12-16T10:25:27+00:00","inLanguage":"en-US","potentialAction":[{"@type":"ReadAction","target":["https:\/\/eat-life.fundesplai.org\/politica-de-privacitat\/"]}]},{"@type":"WebSite","@id":"https:\/\/eat-life.fundesplai.org\/#website","url":"https:\/\/eat-life.fundesplai.org\/","name":"EAT: LIFE","description":"Una exposici\u00f3 tem\u00e0tica sobre el futur de l&#039;alimentaci\u00f3","potentialAction":[{"@type":"SearchAction","target":{"@type":"EntryPoint","urlTemplate":"https:\/\/eat-life.fundesplai.org\/?s={search_term_string}"},"query-input":{"@type":"PropertyValueSpecification","valueRequired":true,"valueName":"search_term_string"}}],"inLanguage":"en-US"}]}},"_links":{"self":[{"href":"https:\/\/eat-life.fundesplai.org\/en\/wp-json\/wp\/v2\/pages\/3561","targetHints":{"allow":["GET"]}}],"collection":[{"href":"https:\/\/eat-life.fundesplai.org\/en\/wp-json\/wp\/v2\/pages"}],"about":[{"href":"https:\/\/eat-life.fundesplai.org\/en\/wp-json\/wp\/v2\/types\/page"}],"author":[{"embeddable":true,"href":"https:\/\/eat-life.fundesplai.org\/en\/wp-json\/wp\/v2\/users\/1"}],"replies":[{"embeddable":true,"href":"https:\/\/eat-life.fundesplai.org\/en\/wp-json\/wp\/v2\/comments?post=3561"}],"version-history":[{"count":2,"href":"https:\/\/eat-life.fundesplai.org\/en\/wp-json\/wp\/v2\/pages\/3561\/revisions"}],"predecessor-version":[{"id":5951,"href":"https:\/\/eat-life.fundesplai.org\/en\/wp-json\/wp\/v2\/pages\/3561\/revisions\/5951"}],"wp:attachment":[{"href":"https:\/\/eat-life.fundesplai.org\/en\/wp-json\/wp\/v2\/media?parent=3561"}],"curies":[{"name":"wp","href":"https:\/\/api.w.org\/{rel}","templated":true}]}}