{"id":3565,"date":"2022-03-17T11:52:04","date_gmt":"2022-03-17T10:52:04","guid":{"rendered":"https:\/\/dev-eat-life.fundesplai.org\/premis-joves-pel-dema\/"},"modified":"2022-12-15T09:24:25","modified_gmt":"2022-12-15T08:24:25","slug":"young-for-tomorrow-awards","status":"publish","type":"page","link":"https:\/\/eat-life.fundesplai.org\/en\/young-for-tomorrow-awards\/","title":{"rendered":"Youth for Tomorrow Awards"},"content":{"rendered":"\n<p class=\"has-text-align-left\">The <strong>Youth for Tomorrow Awards<\/strong> are awards promoted by Fundesplai that aim to <strong>empower young people and recognise the work of those who want to help foster a healthy and sustainable diet.<\/strong><br><\/p>\n\n\n\n<div style=\"height:50px\" aria-hidden=\"true\" class=\"wp-block-spacer\"><\/div>\n\n\n\n<h4 class=\"has-text-align-center wp-block-heading\"><strong>What are the goals of the award?<\/strong><\/h4>\n\n\n\n<div style=\"height:30px\" aria-hidden=\"true\" class=\"wp-block-spacer\"><\/div>\n\n\n\n<p>&#8211; Promote projects to boost healthy habits among citizens and foster a change in the food production model.<\/p>\n\n\n\n<div style=\"height:30px\" aria-hidden=\"true\" class=\"wp-block-spacer\"><\/div>\n\n\n\n<p>&#8211; Bring the Sustainable Development Goals (SDGs) closer to the youth group to mobilize them as a framework for action for the environmental and social transformation of their immediate environment and their community.<\/p>\n\n\n\n<div style=\"height:30px\" aria-hidden=\"true\" class=\"wp-block-spacer\"><\/div>\n\n\n\n<p>&#8211; Recognise and encourage young people with a desire to mobilize for a fairer and more sustainable world, promoting their transformative initiatives.<\/p>\n\n\n\n<div style=\"height:52px\" aria-hidden=\"true\" class=\"wp-block-spacer\"><\/div>\n\n\n\n<div class=\"wp-block-buttons is-content-justification-center is-layout-flex wp-container-core-buttons-is-layout-16018d1d wp-block-buttons-is-layout-flex\">\n<div class=\"wp-block-button\"><a class=\"wp-block-button__link wp-element-button\" href=\"https:\/\/projectes.fundesplai.org\/premis-joves-pel-dema\/\"><strong>Participate here!<\/strong><\/a><\/div>\n<\/div>\n\n\n\n<div style=\"height:56px\" aria-hidden=\"true\" class=\"wp-block-spacer\"><\/div>\n\n\n\n<div class=\"wp-block-columns is-layout-flex wp-container-core-columns-is-layout-9d6595d7 wp-block-columns-is-layout-flex\">\n<div class=\"wp-block-column is-layout-flow wp-block-column-is-layout-flow\" style=\"flex-basis:100%\">\n<div class=\"wp-block-columns is-layout-flex wp-container-core-columns-is-layout-9d6595d7 wp-block-columns-is-layout-flex\">\n<div class=\"wp-block-column is-layout-flow wp-block-column-is-layout-flow\"><div class=\"wp-block-image\">\n<figure class=\"aligncenter size-large\"><img loading=\"lazy\" decoding=\"async\" width=\"724\" height=\"1024\" src=\"https:\/\/eat-life.fundesplai.org\/wp-content\/uploads\/2022\/12\/JpD_Cartell_TraduccioEN-2-1-724x1024.png\" alt=\"\" class=\"wp-image-5889\" srcset=\"https:\/\/eat-life.fundesplai.org\/wp-content\/uploads\/2022\/12\/JpD_Cartell_TraduccioEN-2-1-724x1024.png 724w, https:\/\/eat-life.fundesplai.org\/wp-content\/uploads\/2022\/12\/JpD_Cartell_TraduccioEN-2-1-354x500.png 354w, https:\/\/eat-life.fundesplai.org\/wp-content\/uploads\/2022\/12\/JpD_Cartell_TraduccioEN-2-1-768x1086.png 768w, https:\/\/eat-life.fundesplai.org\/wp-content\/uploads\/2022\/12\/JpD_Cartell_TraduccioEN-2-1-1086x1536.png 1086w, https:\/\/eat-life.fundesplai.org\/wp-content\/uploads\/2022\/12\/JpD_Cartell_TraduccioEN-2-1-1448x2048.png 1448w, https:\/\/eat-life.fundesplai.org\/wp-content\/uploads\/2022\/12\/JpD_Cartell_TraduccioEN-2-1-300x424.png 300w, https:\/\/eat-life.fundesplai.org\/wp-content\/uploads\/2022\/12\/JpD_Cartell_TraduccioEN-2-1-500x707.png 500w, https:\/\/eat-life.fundesplai.org\/wp-content\/uploads\/2022\/12\/JpD_Cartell_TraduccioEN-2-1.png 1654w\" sizes=\"auto, (max-width: 724px) 100vw, 724px\" \/><\/figure>\n<\/div><\/div>\n<\/div>\n<\/div>\n<\/div>\n","protected":false},"excerpt":{"rendered":"<p>The Youth for Tomorrow Awards are awards promoted by Fundesplai that aim to empower young people and [&hellip;]<\/p>\n","protected":false},"author":1,"featured_media":0,"parent":0,"menu_order":0,"comment_status":"closed","ping_status":"closed","template":"template\/full-width.php","meta":{"inline_featured_image":false,"footnotes":""},"class_list":["post-3565","page","type-page","status-publish","hentry"],"yoast_head":"<!-- This site is optimized with the Yoast SEO plugin v27.4 - https:\/\/yoast.com\/product\/yoast-seo-wordpress\/ -->\n<title>Youth for Tomorrow Awards - EAT: LIFE<\/title>\n<meta name=\"robots\" content=\"noindex, follow, max-snippet:-1, max-image-preview:large, max-video-preview:-1\" \/>\n<meta property=\"og:locale\" content=\"en_US\" \/>\n<meta property=\"og:type\" content=\"article\" \/>\n<meta property=\"og:title\" content=\"Youth for Tomorrow Awards - EAT: LIFE\" \/>\n<meta property=\"og:description\" content=\"The Youth for Tomorrow Awards are awards promoted by Fundesplai that aim to empower young people and [&hellip;]\" \/>\n<meta property=\"og:url\" content=\"https:\/\/eat-life.fundesplai.org\/premis-joves-pel-dema\/\" \/>\n<meta property=\"og:site_name\" content=\"EAT: LIFE\" \/>\n<meta property=\"article:modified_time\" content=\"2022-12-15T08:24:25+00:00\" \/>\n<meta property=\"og:image\" content=\"https:\/\/eat-life.fundesplai.org\/wp-content\/uploads\/2022\/12\/JpD_Cartell_TraduccioEN-2-1-724x1024.png\" \/>\n<meta name=\"twitter:card\" content=\"summary_large_image\" \/>\n<meta name=\"twitter:label1\" content=\"Est. reading time\" \/>\n\t<meta name=\"twitter:data1\" content=\"1 minute\" \/>\n<script type=\"application\/ld+json\" class=\"yoast-schema-graph\">{\"@context\":\"https:\\\/\\\/schema.org\",\"@graph\":[{\"@type\":\"WebPage\",\"@id\":\"https:\\\/\\\/eat-life.fundesplai.org\\\/premis-joves-pel-dema\\\/\",\"url\":\"https:\\\/\\\/eat-life.fundesplai.org\\\/premis-joves-pel-dema\\\/\",\"name\":\"Youth for Tomorrow Awards - EAT: LIFE\",\"isPartOf\":{\"@id\":\"https:\\\/\\\/eat-life.fundesplai.org\\\/#website\"},\"primaryImageOfPage\":{\"@id\":\"https:\\\/\\\/eat-life.fundesplai.org\\\/premis-joves-pel-dema\\\/#primaryimage\"},\"image\":{\"@id\":\"https:\\\/\\\/eat-life.fundesplai.org\\\/premis-joves-pel-dema\\\/#primaryimage\"},\"thumbnailUrl\":\"https:\\\/\\\/eat-life.fundesplai.org\\\/wp-content\\\/uploads\\\/2022\\\/12\\\/JpD_Cartell_TraduccioEN-2-1-724x1024.png\",\"datePublished\":\"2022-03-17T10:52:04+00:00\",\"dateModified\":\"2022-12-15T08:24:25+00:00\",\"inLanguage\":\"en-US\",\"potentialAction\":[{\"@type\":\"ReadAction\",\"target\":[\"https:\\\/\\\/eat-life.fundesplai.org\\\/premis-joves-pel-dema\\\/\"]}]},{\"@type\":\"ImageObject\",\"inLanguage\":\"en-US\",\"@id\":\"https:\\\/\\\/eat-life.fundesplai.org\\\/premis-joves-pel-dema\\\/#primaryimage\",\"url\":\"https:\\\/\\\/eat-life.fundesplai.org\\\/wp-content\\\/uploads\\\/2022\\\/12\\\/JpD_Cartell_TraduccioEN-2-1-724x1024.png\",\"contentUrl\":\"https:\\\/\\\/eat-life.fundesplai.org\\\/wp-content\\\/uploads\\\/2022\\\/12\\\/JpD_Cartell_TraduccioEN-2-1-724x1024.png\"},{\"@type\":\"WebSite\",\"@id\":\"https:\\\/\\\/eat-life.fundesplai.org\\\/#website\",\"url\":\"https:\\\/\\\/eat-life.fundesplai.org\\\/\",\"name\":\"EAT: LIFE\",\"description\":\"Una exposici\u00f3 tem\u00e0tica sobre el futur de l&#039;alimentaci\u00f3\",\"potentialAction\":[{\"@type\":\"SearchAction\",\"target\":{\"@type\":\"EntryPoint\",\"urlTemplate\":\"https:\\\/\\\/eat-life.fundesplai.org\\\/?s={search_term_string}\"},\"query-input\":{\"@type\":\"PropertyValueSpecification\",\"valueRequired\":true,\"valueName\":\"search_term_string\"}}],\"inLanguage\":\"en-US\"}]}<\/script>\n<!-- \/ Yoast SEO plugin. -->","yoast_head_json":{"title":"Youth for Tomorrow Awards - EAT: LIFE","robots":{"index":"noindex","follow":"follow","max-snippet":"max-snippet:-1","max-image-preview":"max-image-preview:large","max-video-preview":"max-video-preview:-1"},"og_locale":"en_US","og_type":"article","og_title":"Youth for Tomorrow Awards - EAT: LIFE","og_description":"The Youth for Tomorrow Awards are awards promoted by Fundesplai that aim to empower young people and [&hellip;]","og_url":"https:\/\/eat-life.fundesplai.org\/premis-joves-pel-dema\/","og_site_name":"EAT: LIFE","article_modified_time":"2022-12-15T08:24:25+00:00","og_image":[{"url":"https:\/\/eat-life.fundesplai.org\/wp-content\/uploads\/2022\/12\/JpD_Cartell_TraduccioEN-2-1-724x1024.png","type":"","width":"","height":""}],"twitter_card":"summary_large_image","twitter_misc":{"Est. reading time":"1 minute"},"schema":{"@context":"https:\/\/schema.org","@graph":[{"@type":"WebPage","@id":"https:\/\/eat-life.fundesplai.org\/premis-joves-pel-dema\/","url":"https:\/\/eat-life.fundesplai.org\/premis-joves-pel-dema\/","name":"Youth for Tomorrow Awards - EAT: LIFE","isPartOf":{"@id":"https:\/\/eat-life.fundesplai.org\/#website"},"primaryImageOfPage":{"@id":"https:\/\/eat-life.fundesplai.org\/premis-joves-pel-dema\/#primaryimage"},"image":{"@id":"https:\/\/eat-life.fundesplai.org\/premis-joves-pel-dema\/#primaryimage"},"thumbnailUrl":"https:\/\/eat-life.fundesplai.org\/wp-content\/uploads\/2022\/12\/JpD_Cartell_TraduccioEN-2-1-724x1024.png","datePublished":"2022-03-17T10:52:04+00:00","dateModified":"2022-12-15T08:24:25+00:00","inLanguage":"en-US","potentialAction":[{"@type":"ReadAction","target":["https:\/\/eat-life.fundesplai.org\/premis-joves-pel-dema\/"]}]},{"@type":"ImageObject","inLanguage":"en-US","@id":"https:\/\/eat-life.fundesplai.org\/premis-joves-pel-dema\/#primaryimage","url":"https:\/\/eat-life.fundesplai.org\/wp-content\/uploads\/2022\/12\/JpD_Cartell_TraduccioEN-2-1-724x1024.png","contentUrl":"https:\/\/eat-life.fundesplai.org\/wp-content\/uploads\/2022\/12\/JpD_Cartell_TraduccioEN-2-1-724x1024.png"},{"@type":"WebSite","@id":"https:\/\/eat-life.fundesplai.org\/#website","url":"https:\/\/eat-life.fundesplai.org\/","name":"EAT: LIFE","description":"Una exposici\u00f3 tem\u00e0tica sobre el futur de l&#039;alimentaci\u00f3","potentialAction":[{"@type":"SearchAction","target":{"@type":"EntryPoint","urlTemplate":"https:\/\/eat-life.fundesplai.org\/?s={search_term_string}"},"query-input":{"@type":"PropertyValueSpecification","valueRequired":true,"valueName":"search_term_string"}}],"inLanguage":"en-US"}]}},"_links":{"self":[{"href":"https:\/\/eat-life.fundesplai.org\/en\/wp-json\/wp\/v2\/pages\/3565","targetHints":{"allow":["GET"]}}],"collection":[{"href":"https:\/\/eat-life.fundesplai.org\/en\/wp-json\/wp\/v2\/pages"}],"about":[{"href":"https:\/\/eat-life.fundesplai.org\/en\/wp-json\/wp\/v2\/types\/page"}],"author":[{"embeddable":true,"href":"https:\/\/eat-life.fundesplai.org\/en\/wp-json\/wp\/v2\/users\/1"}],"replies":[{"embeddable":true,"href":"https:\/\/eat-life.fundesplai.org\/en\/wp-json\/wp\/v2\/comments?post=3565"}],"version-history":[{"count":7,"href":"https:\/\/eat-life.fundesplai.org\/en\/wp-json\/wp\/v2\/pages\/3565\/revisions"}],"predecessor-version":[{"id":5893,"href":"https:\/\/eat-life.fundesplai.org\/en\/wp-json\/wp\/v2\/pages\/3565\/revisions\/5893"}],"wp:attachment":[{"href":"https:\/\/eat-life.fundesplai.org\/en\/wp-json\/wp\/v2\/media?parent=3565"}],"curies":[{"name":"wp","href":"https:\/\/api.w.org\/{rel}","templated":true}]}}