{"id":3850,"date":"2022-03-16T17:00:43","date_gmt":"2022-03-16T16:00:43","guid":{"rendered":"https:\/\/dev-eat-life.fundesplai.org\/recursos-elaborats-pel-projecte\/"},"modified":"2023-05-23T19:01:08","modified_gmt":"2023-05-23T17:01:08","slug":"educational-resources","status":"publish","type":"page","link":"https:\/\/eat-life.fundesplai.org\/en\/educational-resources\/","title":{"rendered":"Educational resources"},"content":{"rendered":"\n<h3 class=\"wp-block-heading has-text-align-center\">Learn about healthy and sustainable food with us!<\/h3>\n\n\n\n<div style=\"height:33px\" aria-hidden=\"true\" class=\"wp-block-spacer\"><\/div>\n\n\n\n<p>Below is a series of <strong>resources about healthy and sustainable eating<\/strong> for education professionals, children and young people. The materials are designed to help children understand the challenges and positive actions that the adoption of sustainable and healthy diets can have.<\/p>\n\n\n\n<div style=\"height:17px\" aria-hidden=\"true\" class=\"wp-block-spacer\"><\/div>\n\n\n\n<p>The resources are divided into the following main elements:<\/p>\n\n\n\n<div style=\"height:10px\" aria-hidden=\"true\" class=\"wp-block-spacer\"><\/div>\n\n\n\n<p>&#8211; A <strong>conceptual framework <\/strong>of reference for professionals in the world of education to become familiar with healthy and sustainable eating.<\/p>\n\n\n\n<p>&#8211; <strong>25 educational proposals <\/strong>for activities aimed at children and young people (from 3 to 18 years old) in schools and leisure centres. All take into account age, objectives, necessary material and approximate duration.<\/p>\n\n\n\n<p>&#8211; <strong>Materials<\/strong> related to food sustainability.<\/p>\n\n\n\n<p>&#8211; <strong>4 weekly programs aimed at summer camps<\/strong>, which include planning and proposals for activities, stories and resources for stays in colonies. It is adapted to different age groups.<\/p>\n\n\n\n<p><\/p>\n\n\n\n<p><\/p>\n\n\n\n<div style=\"height:100px\" aria-hidden=\"true\" class=\"wp-block-spacer\"><\/div>\n\n\n\n<div class=\"wp-block-columns is-layout-flex wp-container-core-columns-is-layout-9d6595d7 wp-block-columns-is-layout-flex\">\n<div class=\"wp-block-column is-layout-flow wp-block-column-is-layout-flow\">\n<div class=\"wp-block-cover\" style=\"min-height:440px;aspect-ratio:unset;\"><span aria-hidden=\"true\" class=\"wp-block-cover__background has-background-dim\"><\/span><img loading=\"lazy\" decoding=\"async\" width=\"1920\" height=\"1280\" class=\"wp-block-cover__image-background wp-image-8482\" alt=\"\" src=\"https:\/\/eat-life.fundesplai.org\/wp-content\/uploads\/2023\/05\/ESTIU-6.jpg\" data-object-fit=\"cover\" srcset=\"https:\/\/eat-life.fundesplai.org\/wp-content\/uploads\/2023\/05\/ESTIU-6.jpg 1920w, https:\/\/eat-life.fundesplai.org\/wp-content\/uploads\/2023\/05\/ESTIU-6-750x500.jpg 750w, https:\/\/eat-life.fundesplai.org\/wp-content\/uploads\/2023\/05\/ESTIU-6-1024x683.jpg 1024w, https:\/\/eat-life.fundesplai.org\/wp-content\/uploads\/2023\/05\/ESTIU-6-768x512.jpg 768w, https:\/\/eat-life.fundesplai.org\/wp-content\/uploads\/2023\/05\/ESTIU-6-1536x1024.jpg 1536w, https:\/\/eat-life.fundesplai.org\/wp-content\/uploads\/2023\/05\/ESTIU-6-300x200.jpg 300w, https:\/\/eat-life.fundesplai.org\/wp-content\/uploads\/2023\/05\/ESTIU-6-500x333.jpg 500w\" sizes=\"auto, (max-width: 1920px) 100vw, 1920px\" \/><div class=\"wp-block-cover__inner-container is-layout-flow wp-block-cover-is-layout-flow\">\n<p class=\"has-text-align-center has-large-font-size\"><a href=\"https:\/\/bit.ly\/3HzEmyj\" target=\"_blank\" rel=\"noreferrer noopener\"><strong>Educational Programme EAT:LIFE<\/strong><br><br><\/a><img loading=\"lazy\" decoding=\"async\" width=\"70\" height=\"39\" class=\"wp-image-3477\" style=\"width: 70px;\" src=\"https:\/\/eat-life.fundesplai.org\/wp-content\/uploads\/2022\/03\/pdf_icon.svg\" alt=\"\"><\/p>\n<\/div><\/div>\n<\/div>\n<\/div>\n\n\n\n<div class=\"wp-block-columns is-layout-flex wp-container-core-columns-is-layout-9d6595d7 wp-block-columns-is-layout-flex\">\n<div class=\"wp-block-column is-layout-flow wp-block-column-is-layout-flow\">\n<div class=\"wp-block-cover is-light\"><span aria-hidden=\"true\" class=\"wp-block-cover__background has-background-dim\"><\/span><img loading=\"lazy\" decoding=\"async\" width=\"1920\" height=\"1280\" class=\"wp-block-cover__image-background wp-image-8496\" alt=\"\" src=\"https:\/\/eat-life.fundesplai.org\/wp-content\/uploads\/2023\/05\/PROGRAMES_ESCOLARS-2-2.jpg\" data-object-fit=\"cover\" srcset=\"https:\/\/eat-life.fundesplai.org\/wp-content\/uploads\/2023\/05\/PROGRAMES_ESCOLARS-2-2.jpg 1920w, https:\/\/eat-life.fundesplai.org\/wp-content\/uploads\/2023\/05\/PROGRAMES_ESCOLARS-2-2-750x500.jpg 750w, https:\/\/eat-life.fundesplai.org\/wp-content\/uploads\/2023\/05\/PROGRAMES_ESCOLARS-2-2-1024x683.jpg 1024w, https:\/\/eat-life.fundesplai.org\/wp-content\/uploads\/2023\/05\/PROGRAMES_ESCOLARS-2-2-768x512.jpg 768w, https:\/\/eat-life.fundesplai.org\/wp-content\/uploads\/2023\/05\/PROGRAMES_ESCOLARS-2-2-1536x1024.jpg 1536w, https:\/\/eat-life.fundesplai.org\/wp-content\/uploads\/2023\/05\/PROGRAMES_ESCOLARS-2-2-300x200.jpg 300w, https:\/\/eat-life.fundesplai.org\/wp-content\/uploads\/2023\/05\/PROGRAMES_ESCOLARS-2-2-500x333.jpg 500w\" sizes=\"auto, (max-width: 1920px) 100vw, 1920px\" \/><div class=\"wp-block-cover__inner-container is-layout-flow wp-block-cover-is-layout-flow\">\n<p class=\"has-text-align-center has-large-font-size\"><strong><a href=\"https:\/\/eat-life.fundesplai.org\/wp-content\/uploads\/2023\/05\/TempsEducatiuMigdia-part-1-1.pdf\" target=\"_blank\" rel=\"noreferrer noopener\">Good practices at school canteens &#8211; PART 1<\/a><\/strong><\/p>\n<\/div><\/div>\n<\/div>\n\n\n\n<div class=\"wp-block-column is-layout-flow wp-block-column-is-layout-flow\">\n<div class=\"wp-block-cover is-light\"><span aria-hidden=\"true\" class=\"wp-block-cover__background has-background-dim\"><\/span><img loading=\"lazy\" decoding=\"async\" width=\"1920\" height=\"1280\" class=\"wp-block-cover__image-background wp-image-8499\" alt=\"\" src=\"https:\/\/eat-life.fundesplai.org\/wp-content\/uploads\/2023\/05\/PROGRAMES_ESCOLARS.jpg\" data-object-fit=\"cover\" srcset=\"https:\/\/eat-life.fundesplai.org\/wp-content\/uploads\/2023\/05\/PROGRAMES_ESCOLARS.jpg 1920w, https:\/\/eat-life.fundesplai.org\/wp-content\/uploads\/2023\/05\/PROGRAMES_ESCOLARS-750x500.jpg 750w, https:\/\/eat-life.fundesplai.org\/wp-content\/uploads\/2023\/05\/PROGRAMES_ESCOLARS-1024x683.jpg 1024w, https:\/\/eat-life.fundesplai.org\/wp-content\/uploads\/2023\/05\/PROGRAMES_ESCOLARS-768x512.jpg 768w, https:\/\/eat-life.fundesplai.org\/wp-content\/uploads\/2023\/05\/PROGRAMES_ESCOLARS-1536x1024.jpg 1536w, https:\/\/eat-life.fundesplai.org\/wp-content\/uploads\/2023\/05\/PROGRAMES_ESCOLARS-300x200.jpg 300w, https:\/\/eat-life.fundesplai.org\/wp-content\/uploads\/2023\/05\/PROGRAMES_ESCOLARS-500x333.jpg 500w\" sizes=\"auto, (max-width: 1920px) 100vw, 1920px\" \/><div class=\"wp-block-cover__inner-container is-layout-flow wp-block-cover-is-layout-flow\">\n<p class=\"has-text-align-center has-large-font-size\"><strong><a href=\"https:\/\/eat-life.fundesplai.org\/wp-content\/uploads\/2023\/05\/TempsEducatiuMigdia-part-2.pdf\" target=\"_blank\" rel=\"noreferrer noopener\">Good practices at school canteens &#8211; PART 2<\/a><\/strong><\/p>\n<\/div><\/div>\n<\/div>\n<\/div>\n\n\n\n<div class=\"wp-block-columns is-layout-flex wp-container-core-columns-is-layout-9d6595d7 wp-block-columns-is-layout-flex\">\n<div class=\"wp-block-column is-layout-flow wp-block-column-is-layout-flow\" style=\"flex-basis:100%\">\n<div class=\"wp-block-columns is-layout-flex wp-container-core-columns-is-layout-9d6595d7 wp-block-columns-is-layout-flex\">\n<div class=\"wp-block-column is-layout-flow wp-block-column-is-layout-flow\">\n<div class=\"wp-block-cover is-light\" style=\"min-height:430px;aspect-ratio:unset;\"><span aria-hidden=\"true\" class=\"wp-block-cover__background has-background-dim\"><\/span><img loading=\"lazy\" decoding=\"async\" width=\"400\" height=\"400\" class=\"wp-block-cover__image-background wp-image-4365\" alt=\"\" src=\"https:\/\/eat-life.fundesplai.org\/wp-content\/uploads\/2022\/05\/boca_menja_actua.png\" data-object-fit=\"cover\" srcset=\"https:\/\/eat-life.fundesplai.org\/wp-content\/uploads\/2022\/05\/boca_menja_actua.png 400w, https:\/\/eat-life.fundesplai.org\/wp-content\/uploads\/2022\/05\/boca_menja_actua-150x150.png 150w, https:\/\/eat-life.fundesplai.org\/wp-content\/uploads\/2022\/05\/boca_menja_actua-300x300.png 300w, https:\/\/eat-life.fundesplai.org\/wp-content\/uploads\/2022\/05\/boca_menja_actua-200x200.png 200w\" sizes=\"auto, (max-width: 400px) 100vw, 400px\" \/><div class=\"wp-block-cover__inner-container is-layout-flow wp-block-cover-is-layout-flow\">\n<h3 class=\"wp-block-heading has-text-align-center\"><a href=\"https:\/\/menjaactuaimpacta.org\/\" target=\"_blank\" rel=\"noreferrer noopener\"><strong>Menja, Actua, Impacta<\/strong><\/a><\/h3>\n<\/div><\/div>\n<\/div>\n<\/div>\n<\/div>\n<\/div>\n\n\n\n<h3 class=\"wp-block-heading has-text-align-center\">Other resources<\/h3>\n\n\n\n<div style=\"height:30px\" aria-hidden=\"true\" class=\"wp-block-spacer\"><\/div>\n\n\n  \n\n<a class=\"accordion-pmf\">Webs<\/a>\n<div class=\"panel-pmf\"><ul>\n<li>AGENDA 2030 I OBJECTIUS DESENVOLUPAMENT SOSTENIBLE (ODS). Departament de Medi Ambient:\u00a0<a href=\"http:\/\/mediambient.gencat.cat\/ca\/05_ambits_dactuacio\/educacio_i_sostenibilitat\/desenvolupament_sostenible\/agenda-2030-ods\/\">http:\/\/mediambient.gencat.cat\/ca\/05_ambits_dactuacio\/educacio_i_sostenibilitat\/desenvolupament_sostenible\/agenda-2030-ods\/<\/a><\/li>\n<li>AJUNTAMENT DE BARCELONA: Barcelona Capital Mundial de l\u2019Alimentaci\u00f3 Sostenible 2021<strong>.\u00a0<\/strong><a href=\"https:\/\/alimentaciosostenible.barcelona\/\">https:\/\/alimentaciosostenible.barcelona\/<\/a><\/li>\n<li>ASSOCIACI\u00d3 JUST\u00cdCIA ALIMENT\u00c0RIA:\u00a0<a href=\"https:\/\/justiciaalimentaria.org\/\">https:\/\/justiciaalimentaria.org<\/a><\/li>\n<li>C\u00c0TEDRA D\u2019AGROECOLOGIA I SISTEMES ALIMENTARIS. Universitat de Vic.\u00a0<a href=\"https:\/\/mon.uvic.cat\/catedra-agroecologia\/es\/\">https:\/\/mon.uvic.cat\/catedra-agroecologia\/es\/<\/a><\/li>\n<li>CENTRE PROMOTOR D\u2019APRENENTATGE SERVEI:\u00a0<a href=\"https:\/\/aprenentatgeservei.cat\/\">https:\/\/aprenentatgeservei.cat\/<\/a><\/li>\n<li>DEPARTAMENT DE SALUT. Education and Health Programmes. <a href=\"https:\/\/salutweb.gencat.cat\/ca\/ambits_actuacio\/per_perfils\/centres_educatius\/\">https:\/\/salutweb.gencat.cat\/ca\/ambits_actuacio\/per_perfils\/centres_educatius\/<\/a><\/li>\n<li>FUNDACI\u00d3 AL\u00cdCIA:\u00a0<a href=\"https:\/\/www.alicia.cat\/ca\/\">https:\/\/www.alicia.cat\/ca\/<\/a><\/li>\n<li>FUNDACI\u00d3 CRAM. Centre de protecci\u00f3 de la biodiversitat marina:\u00a0<a href=\"https:\/\/cram.org\/fundacion-cram\/\">https:\/\/cram.org\/fundacion-cram\/<\/a><\/li>\n<li>FUNDACI\u00d3 BANC DELS ALIMENTS:\u00a0<a href=\"https:\/\/www.bancdelsaliments.org\/es\/\">https:\/\/www.bancdelsaliments.org\/es\/<\/a><\/li>\n<li>FUNDACI\u00d3 ESPIGOLADORS:\u00a0<a href=\"https:\/\/espigoladors.cat\/\">https:\/\/espigoladors.cat\/<\/a><\/li>\n<li>FUNDACI\u00d3 GASSOL: \u00a0<a href=\"https:\/\/www.gasolfoundation.org\/es\/\">https:\/\/www.gasolfoundation.org\/es\/<\/a><\/li>\n<li>ORGANITZACI\u00d3 GREENPEACE:\u00a0<a href=\"https:\/\/es.greenpeace.org\/\">https:\/\/es.greenpeace.org\/<\/a><\/li>\n<li>ORGANITZACI\u00d3 MUNDIAL DE LA SALUT:\u00a0<a href=\"https:\/\/www.who.int\/es\">https:\/\/www.who.int\/es<\/a><\/li>\n<li>ORGANITZACIONS PER A LA JUST\u00cdCIA GLOBAL(LAFEDECAT):<a href=\"http:\/\/www.lafede.cat\/\">http:\/\/www.lafede.cat\/<\/a><\/li>\n<li>MOVIMIENTO MUNDIAL DE LOS DERECHOS HUMANOS:\u00a0<a href=\"https:\/\/www.fidh.org\/es\/quienes-somos\/Que-es-la-FIDH\/\">https:\/\/www.fidh.org\/es\/quienes-somos\/Que-es-la-FIDH\/<\/a><\/li>\n<li>NACIONS UNIDES:\u00a0<a href=\"https:\/\/www.un.org\/es\/global-issues\/health\">https:\/\/www.un.org\/es\/global-issues\/health<\/a><\/li>\n<li>ORGANITZACI\u00d3 DE LES NACIONS UNIDES PER A L\u2019ALIMENTACI\u00d3 I L\u2019AGRICULTURA:\u00a0<a href=\"http:\/\/www.fao.org\/home\/es\/\">http:\/\/www.fao.org\/home\/es\/<\/a><\/li>\n<li>REVISTA SOBIRANIA ALIMENT\u00c0RIA\u00a0<a href=\"https:\/\/www.soberaniaalimentaria.info\/\">https:\/\/www.soberaniaalimentaria.info\/<\/a><\/li>\n<li>UNESCO:\u00a0<a href=\"https:\/\/es.unesco.org\/themes\/educacion-salud\/accion\">https:\/\/es.unesco.org\/themes\/educacion-salud\/accion<\/a><\/li>\n<li>UNICEF:\u00a0<u><\/u><a href=\"https:\/\/www.unicef.org\/es\/salud\">https:\/\/www.unicef.org\/es\/salud<\/a><\/li>\n<\/ul>\n<\/div>\n  \n\n\n  \n\n<a class=\"accordion-pmf\">Reports and guides from other organisations<\/a>\n<div class=\"panel-pmf\"><ul>\n<li>MENJAR CANVIA EL M\u00d3N. Fundesplai&#8217;s pedagogical programme, with numerous activities and educational resources for a healthy and sustainable diet. <a href=\"https:\/\/projectes.fundesplai.org\/mcm\/\">https:\/\/projectes.fundesplai.org\/mcm\/<\/a><\/li>\n<li>ALIMENTACCI\u00d3. Programme led by Justicia Alimentaria and Hegoa. There are numerous online educational resources for children, youth, families, and educational teams.<br \/>\n<a href=\"https:\/\/redalimentaccion.org\/es\">https:\/\/redalimentaccion.org\/es<\/a><\/li>\n<li>ALIMENTACI\u00d3N, PLANETA, SALUD: Healthy diets from sustainable food systems. Commission<br \/>\nEAT-Lancet, 2019.<\/p>\n<p id=\"tw-target-text\" class=\"tw-data-text tw-text-large tw-ta\" dir=\"ltr\" data-placeholder=\"Traducci\u00f3\"><span class=\"Y2IQFc\" lang=\"en\">This report is the first attempt to establish universal scientific goals for the food system that apply to all people and the planet according to two parameters of the world food system: final consumption (healthy diets) and production (sustainable food production). <\/span><a href=\"https:\/\/eatforum.org\/content\/uploads\/2019\/01\/Report_Summary_Spanish-1.pdf\">https:\/\/eatforum.org\/content\/uploads\/2019\/01\/Report_Summary_Spanish-1.pdf<\/a><\/p>\n<\/li>\n<li>CALENDARI DE PRODUCTES DE TEMPORADA. Here you will find the seasonal calendar of fruit, vegetables and fishing. Government of Catalonia.<br \/>\n<a href=\"http:\/\/agricultura.gencat.cat\/web\/.content\/04-alimentacio\/cadena-alimentaria\/codi-bones-practiques-comercials\/documents\/fitxers-binaris\/calendari-productes-temporada.pdf\">http:\/\/agricultura.gencat.cat\/web\/.content\/04-alimentacio\/cadena-alimentaria\/codi-bones-practiques-comercials\/documents\/fitxers-binaris\/calendari-productes-temporada.pdf<\/a><\/li>\n<li>FESTES DIVERTIDES I SALUDABLES. Tips and recipes for children&#8217;s parties.<br \/>\nCanal Salut Generalitat: <a href=\"https:\/\/canalsalut.gencat.cat\/ca\/vida-saludable\/alimentacio\/receptes_saludables\/festes-infantils\/\">https:\/\/canalsalut.gencat.cat\/ca\/vida-saludable\/alimentacio\/receptes_saludables\/festes-infantils\/<\/a><\/li>\n<li>GUIA HABITAT. A very useful activities guide for environmental education: <a href=\"http:\/\/habitat.escolesxesc.cat\/\">http:\/\/habitat.escolesxesc.cat\/<\/a><\/li>\n<li>GUIA SIN MALA ESPINA. A guide to understanding the problem of overexploptation of seafood products. <a href=\"https:\/\/www.ecologistasenaccion.org\/18886\/guia-sin-mala-espina\/\">https:\/\/www.ecologistasenaccion.org\/18886\/guia-sin-mala-espina\/<\/a><\/li>\n<li>GUIA APRENENTATGE SERVEI PER A UNA ALIMENTACI\u00d3, SANA, JUSTA I SOSTENIBLE. CENTRE PROMOTOR D\u2019APRENENTATGE SERVEI. A guide for a healthy, fair, and sustainable diet: <a href=\"https:\/\/aprenentatgeservei.cat\/wp-content\/uploads\/guies\/Aprenentatge-Servei-per-a-una-alimentacio%CC%81-sana.pdf\">https:\/\/aprenentatgeservei.cat\/wp-content\/uploads\/guies\/Aprenentatge-Servei-per-a-una-alimentacio%CC%81-sana.pdf<\/a><\/li>\n<li>JUGUEM A L\u2019HORT. Great guide to games for environmental education in pre-primary and primary school. Sara Busc\u00e0. <a href=\"https:\/\/esplai.fundesplai.org\/recurs\/guia-juguem-a-lhort\/\">https:\/\/esplai.fundesplai.org\/recurs\/guia-juguem-a-lhort\/<\/a><\/li>\n<li>KAIDARA, educational resources for a global citizenship. Oxfam Interm\u00f3n: \u00a0<a href=\"http:\/\/www.kaidara.org\/\">http:\/\/www.kaidara.org<\/a><\/li>\n<li>MALETA L\u00daDICA AGRO-JOCS. Here you&#8217;ll find a great deal of activities and games. In charge of Agroviva, a web platform created by La Uni\u00f3 de Llauradors i Ramaders de Val\u00e8ncia: <a href=\"https:\/\/agroviva.chil.me\/post\/maleta-ludica-agro-jocs--242382?l=CA\">https:\/\/agroviva.chil.me\/post\/maleta-ludica-agro-jocs\u2013242382?l=CA<\/a><\/li>\n<li>PETITS CANVIS PER MENJAR MILLOR. Ag\u00e8ncia de Salut P\u00fablica de Catalunya. Reference guide to a healthy diet. <a href=\"https:\/\/canalsalut.gencat.cat\/ca\/vida-saludable\/alimentacio\/petits-canvis-per-menjar-millor\/\">https:\/\/canalsalut.gencat.cat\/ca\/vida-saludable\/alimentacio\/petits-canvis-per-menjar-millor\/<\/a><\/li>\n<li>PIR\u00c0MIDE DE L\u2019ALIMENTACI\u00d3 SALUDABLE. Includes a healthy food-plate. Ag\u00e8ncia de Salut P\u00fablica de Catalunya: <a href=\"https:\/\/salutpublica.gencat.cat\/ca\/ambits\/promocio_salut\/alimentacio_saludable\/la-piramide-de-lalimentacio-saludable\">https:\/\/salutpublica.gencat.cat\/ca\/ambits\/promocio_salut\/alimentacio_saludable\/la-piramide-de-lalimentacio-saludable<\/a><\/li>\n<li>RECEPTES SALUDABLES. Recipe search engine. Canal Salut Generalitat.\u00a0 \u00a0<a href=\"https:\/\/canalsalut.gencat.cat\/ca\/vida-saludable\/alimentacio\/receptes_saludables\/\">https:\/\/canalsalut.gencat.cat\/ca\/vida-saludable\/alimentacio\/receptes_saludables\/<\/a><\/li>\n<li>MATERIAL EDUCATIU I RECURSOS VARIS SOBRE L\u2019HORT, AGROECOLOGIA I ALIMENTACI\u00d3. Generalitat Catalunya:\u00a0<a href=\"http:\/\/pae.gencat.cat\/ca\/publicacions-materials-referencia\/material-educatiu\/#FW_bloc_054dc499-c4a4-11e3-8540-000c296817af_9\">http:\/\/pae.gencat.cat\/ca\/publicacions-materials-referencia\/material-educatiu\/#FW_bloc_054dc499-c4a4-11e3-8540-000c296817af_9<\/a><\/li>\n<li>UNESCO (2020). EDUCACI\u00d3N PARA EL DESARROLLO SOSTENIBLE. HOJA DE RUTA. Background handbook: <a href=\"https:\/\/unesdoc.unesco.org\/ark:\/48223\/pf0000230514\">https:\/\/unesdoc.unesco.org\/ark:\/48223\/pf0000230514<\/a><\/li>\n<li>VIAJE AL CENTRO DE LA ALIMENTACI\u00d3N QUE NOS ENFERMA. Report \u201cDame veneno\u201d. \u2022 vsF Justicia alimentaria global. <a href=\"https:\/\/justiciaalimentaria.org\/dame-veneno\">https:\/\/justiciaalimentaria.org\/dame-veneno<\/a><\/li>\n<\/ul>\n<\/div>\n  \n\n\n  \n\n<a class=\"accordion-pmf\">Other educational resources<\/a>\n<div class=\"panel-pmf\"><ul>\n<li><a href=\"https:\/\/redalimentaccion.org\/es\/recursos\/proposta-did%C3%A0ctica-treballar-la-sobal-en-formaci%C3%B3-professional\">Proposta did\u00e0ctica per a treballar la Soberania Alimentaria en la Formaci\u00f3 Professional- <\/a>This didactic proposal offers us five modules to work on the key topics for transversalizing food sovereignty in Vocational Training studies. You will find the following contents: Module 1. Agroecology vs. Agro-industry Module 2. The food transition Module 3. Advertising and food Module 4. The Planetary Diet Module 5. Women and food sovereignty. <!-- \/wp:paragraph --><!-- wp:paragraph -->Developed by: <a href=\"https:\/\/redalimentaccion.org\/es\/desarrollado-por\/justicia-alimentaria\"><strong>Justicia Alimentaria. <\/strong><\/a><a href=\"https:\/\/redalimentaccion.org\/sites\/default\/files\/Unitat%20Dida%CC%80ctica_LlaurantiCuinant%20A5_impressio%CC%81.pdf\">https:\/\/redalimentaccion.org\/sites\/default\/files\/Unitat%20Dida%CC%80ctica_LlaurantiCuinant%20A5_impressio%CC%81.pd<\/a><\/li>\n<\/ul>\n<\/div>\n  \n","protected":false},"excerpt":{"rendered":"<p>Learn about healthy and sustainable food with us! Below is a series of resources about healthy and [&hellip;]<\/p>\n","protected":false},"author":1,"featured_media":0,"parent":0,"menu_order":0,"comment_status":"closed","ping_status":"closed","template":"template\/full-width.php","meta":{"inline_featured_image":false,"footnotes":""},"class_list":["post-3850","page","type-page","status-publish","hentry"],"yoast_head":"<!-- This site is optimized with the Yoast SEO plugin v27.4 - https:\/\/yoast.com\/product\/yoast-seo-wordpress\/ -->\n<title>Educational resources - EAT: LIFE<\/title>\n<meta name=\"robots\" content=\"noindex, follow, max-snippet:-1, max-image-preview:large, max-video-preview:-1\" \/>\n<meta property=\"og:locale\" content=\"en_US\" \/>\n<meta property=\"og:type\" content=\"article\" \/>\n<meta property=\"og:title\" content=\"Educational resources - EAT: LIFE\" \/>\n<meta property=\"og:description\" content=\"Learn about healthy and sustainable food with us! Below is a series of resources about healthy and [&hellip;]\" \/>\n<meta property=\"og:url\" content=\"https:\/\/eat-life.fundesplai.org\/recursos-educatius\/\" \/>\n<meta property=\"og:site_name\" content=\"EAT: LIFE\" \/>\n<meta property=\"article:modified_time\" content=\"2023-05-23T17:01:08+00:00\" \/>\n<meta property=\"og:image\" content=\"https:\/\/eat-life.fundesplai.org\/wp-content\/uploads\/2023\/05\/ESTIU-6.jpg\" \/>\n<meta name=\"twitter:card\" content=\"summary_large_image\" \/>\n<meta name=\"twitter:label1\" content=\"Est. reading time\" \/>\n\t<meta name=\"twitter:data1\" content=\"2 minutes\" \/>\n<script type=\"application\/ld+json\" class=\"yoast-schema-graph\">{\"@context\":\"https:\\\/\\\/schema.org\",\"@graph\":[{\"@type\":\"WebPage\",\"@id\":\"https:\\\/\\\/eat-life.fundesplai.org\\\/recursos-educatius\\\/\",\"url\":\"https:\\\/\\\/eat-life.fundesplai.org\\\/recursos-educatius\\\/\",\"name\":\"Educational resources - EAT: LIFE\",\"isPartOf\":{\"@id\":\"https:\\\/\\\/eat-life.fundesplai.org\\\/#website\"},\"primaryImageOfPage\":{\"@id\":\"https:\\\/\\\/eat-life.fundesplai.org\\\/recursos-educatius\\\/#primaryimage\"},\"image\":{\"@id\":\"https:\\\/\\\/eat-life.fundesplai.org\\\/recursos-educatius\\\/#primaryimage\"},\"thumbnailUrl\":\"https:\\\/\\\/eat-life.fundesplai.org\\\/wp-content\\\/uploads\\\/2023\\\/05\\\/ESTIU-6.jpg\",\"datePublished\":\"2022-03-16T16:00:43+00:00\",\"dateModified\":\"2023-05-23T17:01:08+00:00\",\"inLanguage\":\"en-US\",\"potentialAction\":[{\"@type\":\"ReadAction\",\"target\":[\"https:\\\/\\\/eat-life.fundesplai.org\\\/recursos-educatius\\\/\"]}]},{\"@type\":\"ImageObject\",\"inLanguage\":\"en-US\",\"@id\":\"https:\\\/\\\/eat-life.fundesplai.org\\\/recursos-educatius\\\/#primaryimage\",\"url\":\"https:\\\/\\\/eat-life.fundesplai.org\\\/wp-content\\\/uploads\\\/2023\\\/05\\\/ESTIU-6.jpg\",\"contentUrl\":\"https:\\\/\\\/eat-life.fundesplai.org\\\/wp-content\\\/uploads\\\/2023\\\/05\\\/ESTIU-6.jpg\"},{\"@type\":\"WebSite\",\"@id\":\"https:\\\/\\\/eat-life.fundesplai.org\\\/#website\",\"url\":\"https:\\\/\\\/eat-life.fundesplai.org\\\/\",\"name\":\"EAT: LIFE\",\"description\":\"Una exposici\u00f3 tem\u00e0tica sobre el futur de l&#039;alimentaci\u00f3\",\"potentialAction\":[{\"@type\":\"SearchAction\",\"target\":{\"@type\":\"EntryPoint\",\"urlTemplate\":\"https:\\\/\\\/eat-life.fundesplai.org\\\/?s={search_term_string}\"},\"query-input\":{\"@type\":\"PropertyValueSpecification\",\"valueRequired\":true,\"valueName\":\"search_term_string\"}}],\"inLanguage\":\"en-US\"}]}<\/script>\n<!-- \/ Yoast SEO plugin. -->","yoast_head_json":{"title":"Educational resources - EAT: LIFE","robots":{"index":"noindex","follow":"follow","max-snippet":"max-snippet:-1","max-image-preview":"max-image-preview:large","max-video-preview":"max-video-preview:-1"},"og_locale":"en_US","og_type":"article","og_title":"Educational resources - EAT: LIFE","og_description":"Learn about healthy and sustainable food with us! Below is a series of resources about healthy and [&hellip;]","og_url":"https:\/\/eat-life.fundesplai.org\/recursos-educatius\/","og_site_name":"EAT: LIFE","article_modified_time":"2023-05-23T17:01:08+00:00","og_image":[{"url":"https:\/\/eat-life.fundesplai.org\/wp-content\/uploads\/2023\/05\/ESTIU-6.jpg","type":"","width":"","height":""}],"twitter_card":"summary_large_image","twitter_misc":{"Est. reading time":"2 minutes"},"schema":{"@context":"https:\/\/schema.org","@graph":[{"@type":"WebPage","@id":"https:\/\/eat-life.fundesplai.org\/recursos-educatius\/","url":"https:\/\/eat-life.fundesplai.org\/recursos-educatius\/","name":"Educational resources - EAT: LIFE","isPartOf":{"@id":"https:\/\/eat-life.fundesplai.org\/#website"},"primaryImageOfPage":{"@id":"https:\/\/eat-life.fundesplai.org\/recursos-educatius\/#primaryimage"},"image":{"@id":"https:\/\/eat-life.fundesplai.org\/recursos-educatius\/#primaryimage"},"thumbnailUrl":"https:\/\/eat-life.fundesplai.org\/wp-content\/uploads\/2023\/05\/ESTIU-6.jpg","datePublished":"2022-03-16T16:00:43+00:00","dateModified":"2023-05-23T17:01:08+00:00","inLanguage":"en-US","potentialAction":[{"@type":"ReadAction","target":["https:\/\/eat-life.fundesplai.org\/recursos-educatius\/"]}]},{"@type":"ImageObject","inLanguage":"en-US","@id":"https:\/\/eat-life.fundesplai.org\/recursos-educatius\/#primaryimage","url":"https:\/\/eat-life.fundesplai.org\/wp-content\/uploads\/2023\/05\/ESTIU-6.jpg","contentUrl":"https:\/\/eat-life.fundesplai.org\/wp-content\/uploads\/2023\/05\/ESTIU-6.jpg"},{"@type":"WebSite","@id":"https:\/\/eat-life.fundesplai.org\/#website","url":"https:\/\/eat-life.fundesplai.org\/","name":"EAT: LIFE","description":"Una exposici\u00f3 tem\u00e0tica sobre el futur de l&#039;alimentaci\u00f3","potentialAction":[{"@type":"SearchAction","target":{"@type":"EntryPoint","urlTemplate":"https:\/\/eat-life.fundesplai.org\/?s={search_term_string}"},"query-input":{"@type":"PropertyValueSpecification","valueRequired":true,"valueName":"search_term_string"}}],"inLanguage":"en-US"}]}},"_links":{"self":[{"href":"https:\/\/eat-life.fundesplai.org\/en\/wp-json\/wp\/v2\/pages\/3850","targetHints":{"allow":["GET"]}}],"collection":[{"href":"https:\/\/eat-life.fundesplai.org\/en\/wp-json\/wp\/v2\/pages"}],"about":[{"href":"https:\/\/eat-life.fundesplai.org\/en\/wp-json\/wp\/v2\/types\/page"}],"author":[{"embeddable":true,"href":"https:\/\/eat-life.fundesplai.org\/en\/wp-json\/wp\/v2\/users\/1"}],"replies":[{"embeddable":true,"href":"https:\/\/eat-life.fundesplai.org\/en\/wp-json\/wp\/v2\/comments?post=3850"}],"version-history":[{"count":26,"href":"https:\/\/eat-life.fundesplai.org\/en\/wp-json\/wp\/v2\/pages\/3850\/revisions"}],"predecessor-version":[{"id":8515,"href":"https:\/\/eat-life.fundesplai.org\/en\/wp-json\/wp\/v2\/pages\/3850\/revisions\/8515"}],"wp:attachment":[{"href":"https:\/\/eat-life.fundesplai.org\/en\/wp-json\/wp\/v2\/media?parent=3850"}],"curies":[{"name":"wp","href":"https:\/\/api.w.org\/{rel}","templated":true}]}}