{"id":3897,"date":"2021-09-10T10:33:57","date_gmt":"2021-09-10T08:33:57","guid":{"rendered":"https:\/\/dev-eat-life.fundesplai.org\/home\/"},"modified":"2023-03-27T13:31:27","modified_gmt":"2023-03-27T11:31:27","slug":"home","status":"publish","type":"page","link":"https:\/\/eat-life.fundesplai.org\/en\/","title":{"rendered":"Home"},"content":{"rendered":"\n<p id=\"tw-target-text\">The <strong>existing food system<\/strong> is one of the <strong>main causes<\/strong> of <strong>environmental degradation and climate change<\/strong>: agriculture emits 10.3% of GHGs in the EU (EEA, 2019), contributes to <strong>deforestation, loss of biodiversity, antimicrobial resistance, presence of pollutants, soil degradation<\/strong>, etc. <\/p>\n\n\n\n<div style=\"height:32px\" aria-hidden=\"true\" class=\"wp-block-spacer\"><\/div>\n\n\n\n<p id=\"tw-target-text\">Although global citizens are concerned about these problems, <strong>there is a gap<\/strong> between their concern and their actions, especially with regard to food (Special Eurobarometer 501: 94% of Spaniards and believe that climate change is a very \/ quite serious problem, but only 13% have adopted a more sustainable diet (at EU level: 81% and 19%, respectively). <\/p>\n\n\n\n<div align=\"center\">\n<figure class=\"wp-block-video\"><iframe loading=\"lazy\" title=\"YouTube video player\" src=\"https:\/\/www.youtube.com\/embed\/wjhq5DLxXsg?autoplay=1\" width=\"875\" height=\"475\" frameborder=\"1\" allowfullscreen=\"allowfullscreen\"><\/iframe>&nbsp; &nbsp;&nbsp;<\/figure>\n<\/div>\n\n\n\n<div style=\"height:33px\" aria-hidden=\"true\" class=\"wp-block-spacer\"><\/div>\n\n\n\n<p id=\"tw-target-text\">Similarly, <strong>in Catalonia 90% of the population is concerned about climate change, but only 1% opt for organic products or consume responsibly <\/strong>(Study on Perception and Environmental Habits, 2019). This fact also shows that it is not clear to the citizens of Catalonia (7.6 million people, 70% of them residents of the metropolitan area of \u200b\u200bBarcelona) or Spain that food systems contribute to climate change and that modifying the diet is an effective form of action. <\/p>\n\n\n\n<div style=\"height:38px\" aria-hidden=\"true\" class=\"wp-block-spacer\"><\/div>\n\n\n\n<p id=\"tw-target-text\">The report <strong><em>Feeding On Future<\/em><\/strong> (Generalitat de Catalunya, 2018) highlights some issues in the agri-food system in Catalonia that could be significantly improved: reducing the daily consumption of meat, regulating the consumption of sugar and sugary drinks (since the levels are well above recommended) and <strong>double or triple the consumption of fresh legumes, fruits and vegetables<\/strong>. <\/p>\n\n\n\n<div style=\"height:29px\" aria-hidden=\"true\" class=\"wp-block-spacer\"><\/div>\n\n\n\n<p id=\"tw-target-text\">There are also many other problems, such as <strong>food waste<\/strong>. Annually, 35 kilograms of food per person are wasted and 58% at home. Other serious problems are: the low dedication of land to organic farming (only 7%), the difficulties of the population to afford a sufficient and balanced diet (6%) or the high level of overweight of the population of between 18 and 74 years old (49%). <\/p>\n\n\n\n<div style=\"height:51px\" aria-hidden=\"true\" class=\"wp-block-spacer\"><\/div>\n\n\n\n<p id=\"tw-target-text\">As a result of these needs, <strong>the EAT: LIFE project<\/strong> was born, a program that aims <strong>to transform the patterns of food consumption <\/strong>of the citizens of Catalonia, but also of Spain and Europe, towards <strong>more sustainable, fair and healthy habits<\/strong>. To achieve this, the project <strong>offers tools and support<\/strong> to different actors in the formal, non-formal and informal world of education to mobilize and drive change towards a more sustainable world.<\/p>\n\n\n\n<div style=\"height:45px\" aria-hidden=\"true\" class=\"wp-block-spacer\"><\/div>\n\n\n\n<h4 class=\"has-text-align-center has-text-color wp-block-heading\" style=\"color:#376570\"><a href=\"https:\/\/eat-life.fundesplai.org\/en\/quiz\/impacte\/\">Commit to sustainable eating!<\/a><\/h4>\n\n\n\n<div style=\"height:45px\" aria-hidden=\"true\" class=\"wp-block-spacer\"><\/div>\n\n\n<div class=\"wp-block-image\">\n<figure class=\"aligncenter size-full\"><img loading=\"lazy\" decoding=\"async\" width=\"768\" height=\"1920\" src=\"https:\/\/eat-life.fundesplai.org\/wp-content\/uploads\/2023\/02\/ENG_Infografia-1.png\" alt=\"\" class=\"wp-image-6485\" srcset=\"https:\/\/eat-life.fundesplai.org\/wp-content\/uploads\/2023\/02\/ENG_Infografia-1.png 768w, https:\/\/eat-life.fundesplai.org\/wp-content\/uploads\/2023\/02\/ENG_Infografia-1-200x500.png 200w, https:\/\/eat-life.fundesplai.org\/wp-content\/uploads\/2023\/02\/ENG_Infografia-1-410x1024.png 410w, https:\/\/eat-life.fundesplai.org\/wp-content\/uploads\/2023\/02\/ENG_Infografia-1-614x1536.png 614w, https:\/\/eat-life.fundesplai.org\/wp-content\/uploads\/2023\/02\/ENG_Infografia-1-300x750.png 300w, https:\/\/eat-life.fundesplai.org\/wp-content\/uploads\/2023\/02\/ENG_Infografia-1-440x1100.png 440w\" sizes=\"auto, (max-width: 768px) 100vw, 768px\" \/><\/figure>\n<\/div>","protected":false},"excerpt":{"rendered":"<p>The existing food system is one of the main causes of environmental degradation and climate change: agriculture [&hellip;]<\/p>\n","protected":false},"author":1,"featured_media":0,"parent":0,"menu_order":1,"comment_status":"closed","ping_status":"closed","template":"template\/home.php","meta":{"inline_featured_image":false,"footnotes":""},"class_list":["post-3897","page","type-page","status-publish","hentry"],"yoast_head":"<!-- This site is optimized with the Yoast SEO plugin v27.4 - https:\/\/yoast.com\/product\/yoast-seo-wordpress\/ -->\n<title>EAT:LIFE - Eating better changes the world<\/title>\n<meta name=\"description\" content=\"The EAT:LIFE project seeks to transform the food consumption patterns of consumers towards more sustainable, fair and healthy habits.\" \/>\n<meta name=\"robots\" content=\"noindex, follow, max-snippet:-1, max-image-preview:large, max-video-preview:-1\" \/>\n<meta property=\"og:locale\" content=\"en_US\" \/>\n<meta property=\"og:type\" content=\"article\" \/>\n<meta property=\"og:title\" content=\"EAT:LIFE - Eating better changes the world\" \/>\n<meta property=\"og:description\" content=\"The EAT:LIFE project seeks to transform the food consumption patterns of consumers towards more sustainable, fair and healthy habits.\" \/>\n<meta property=\"og:url\" content=\"https:\/\/eat-life.fundesplai.org\/en\/\" \/>\n<meta property=\"og:site_name\" content=\"EAT: LIFE\" \/>\n<meta property=\"article:modified_time\" content=\"2023-03-27T11:31:27+00:00\" \/>\n<meta property=\"og:image\" content=\"https:\/\/eat-life.fundesplai.org\/wp-content\/uploads\/2023\/02\/ENG_Infografia-1.png\" \/>\n<meta name=\"twitter:card\" content=\"summary_large_image\" \/>\n<meta name=\"twitter:label1\" content=\"Est. reading time\" \/>\n\t<meta name=\"twitter:data1\" content=\"3 minutes\" \/>\n<script type=\"application\/ld+json\" class=\"yoast-schema-graph\">{\"@context\":\"https:\\\/\\\/schema.org\",\"@graph\":[{\"@type\":\"WebPage\",\"@id\":\"https:\\\/\\\/eat-life.fundesplai.org\\\/en\\\/\",\"url\":\"https:\\\/\\\/eat-life.fundesplai.org\\\/en\\\/\",\"name\":\"EAT:LIFE - Eating better changes the world\",\"isPartOf\":{\"@id\":\"https:\\\/\\\/eat-life.fundesplai.org\\\/#website\"},\"primaryImageOfPage\":{\"@id\":\"https:\\\/\\\/eat-life.fundesplai.org\\\/en\\\/#primaryimage\"},\"image\":{\"@id\":\"https:\\\/\\\/eat-life.fundesplai.org\\\/en\\\/#primaryimage\"},\"thumbnailUrl\":\"https:\\\/\\\/eat-life.fundesplai.org\\\/wp-content\\\/uploads\\\/2023\\\/02\\\/ENG_Infografia-1.png\",\"datePublished\":\"2021-09-10T08:33:57+00:00\",\"dateModified\":\"2023-03-27T11:31:27+00:00\",\"description\":\"The EAT:LIFE project seeks to transform the food consumption patterns of consumers towards more sustainable, fair and healthy habits.\",\"inLanguage\":\"en-US\",\"potentialAction\":[{\"@type\":\"ReadAction\",\"target\":[\"https:\\\/\\\/eat-life.fundesplai.org\\\/en\\\/\"]}]},{\"@type\":\"ImageObject\",\"inLanguage\":\"en-US\",\"@id\":\"https:\\\/\\\/eat-life.fundesplai.org\\\/en\\\/#primaryimage\",\"url\":\"https:\\\/\\\/eat-life.fundesplai.org\\\/wp-content\\\/uploads\\\/2023\\\/02\\\/ENG_Infografia-1.png\",\"contentUrl\":\"https:\\\/\\\/eat-life.fundesplai.org\\\/wp-content\\\/uploads\\\/2023\\\/02\\\/ENG_Infografia-1.png\"},{\"@type\":\"WebSite\",\"@id\":\"https:\\\/\\\/eat-life.fundesplai.org\\\/#website\",\"url\":\"https:\\\/\\\/eat-life.fundesplai.org\\\/\",\"name\":\"EAT: LIFE\",\"description\":\"Una exposici\u00f3 tem\u00e0tica sobre el futur de l&#039;alimentaci\u00f3\",\"potentialAction\":[{\"@type\":\"SearchAction\",\"target\":{\"@type\":\"EntryPoint\",\"urlTemplate\":\"https:\\\/\\\/eat-life.fundesplai.org\\\/?s={search_term_string}\"},\"query-input\":{\"@type\":\"PropertyValueSpecification\",\"valueRequired\":true,\"valueName\":\"search_term_string\"}}],\"inLanguage\":\"en-US\"}]}<\/script>\n<!-- \/ Yoast SEO plugin. -->","yoast_head_json":{"title":"EAT:LIFE - Eating better changes the world","description":"The EAT:LIFE project seeks to transform the food consumption patterns of consumers towards more sustainable, fair and healthy habits.","robots":{"index":"noindex","follow":"follow","max-snippet":"max-snippet:-1","max-image-preview":"max-image-preview:large","max-video-preview":"max-video-preview:-1"},"og_locale":"en_US","og_type":"article","og_title":"EAT:LIFE - Eating better changes the world","og_description":"The EAT:LIFE project seeks to transform the food consumption patterns of consumers towards more sustainable, fair and healthy habits.","og_url":"https:\/\/eat-life.fundesplai.org\/en\/","og_site_name":"EAT: LIFE","article_modified_time":"2023-03-27T11:31:27+00:00","og_image":[{"url":"https:\/\/eat-life.fundesplai.org\/wp-content\/uploads\/2023\/02\/ENG_Infografia-1.png","type":"","width":"","height":""}],"twitter_card":"summary_large_image","twitter_misc":{"Est. reading time":"3 minutes"},"schema":{"@context":"https:\/\/schema.org","@graph":[{"@type":"WebPage","@id":"https:\/\/eat-life.fundesplai.org\/en\/","url":"https:\/\/eat-life.fundesplai.org\/en\/","name":"EAT:LIFE - Eating better changes the world","isPartOf":{"@id":"https:\/\/eat-life.fundesplai.org\/#website"},"primaryImageOfPage":{"@id":"https:\/\/eat-life.fundesplai.org\/en\/#primaryimage"},"image":{"@id":"https:\/\/eat-life.fundesplai.org\/en\/#primaryimage"},"thumbnailUrl":"https:\/\/eat-life.fundesplai.org\/wp-content\/uploads\/2023\/02\/ENG_Infografia-1.png","datePublished":"2021-09-10T08:33:57+00:00","dateModified":"2023-03-27T11:31:27+00:00","description":"The EAT:LIFE project seeks to transform the food consumption patterns of consumers towards more sustainable, fair and healthy habits.","inLanguage":"en-US","potentialAction":[{"@type":"ReadAction","target":["https:\/\/eat-life.fundesplai.org\/en\/"]}]},{"@type":"ImageObject","inLanguage":"en-US","@id":"https:\/\/eat-life.fundesplai.org\/en\/#primaryimage","url":"https:\/\/eat-life.fundesplai.org\/wp-content\/uploads\/2023\/02\/ENG_Infografia-1.png","contentUrl":"https:\/\/eat-life.fundesplai.org\/wp-content\/uploads\/2023\/02\/ENG_Infografia-1.png"},{"@type":"WebSite","@id":"https:\/\/eat-life.fundesplai.org\/#website","url":"https:\/\/eat-life.fundesplai.org\/","name":"EAT: LIFE","description":"Una exposici\u00f3 tem\u00e0tica sobre el futur de l&#039;alimentaci\u00f3","potentialAction":[{"@type":"SearchAction","target":{"@type":"EntryPoint","urlTemplate":"https:\/\/eat-life.fundesplai.org\/?s={search_term_string}"},"query-input":{"@type":"PropertyValueSpecification","valueRequired":true,"valueName":"search_term_string"}}],"inLanguage":"en-US"}]}},"_links":{"self":[{"href":"https:\/\/eat-life.fundesplai.org\/en\/wp-json\/wp\/v2\/pages\/3897","targetHints":{"allow":["GET"]}}],"collection":[{"href":"https:\/\/eat-life.fundesplai.org\/en\/wp-json\/wp\/v2\/pages"}],"about":[{"href":"https:\/\/eat-life.fundesplai.org\/en\/wp-json\/wp\/v2\/types\/page"}],"author":[{"embeddable":true,"href":"https:\/\/eat-life.fundesplai.org\/en\/wp-json\/wp\/v2\/users\/1"}],"replies":[{"embeddable":true,"href":"https:\/\/eat-life.fundesplai.org\/en\/wp-json\/wp\/v2\/comments?post=3897"}],"version-history":[{"count":23,"href":"https:\/\/eat-life.fundesplai.org\/en\/wp-json\/wp\/v2\/pages\/3897\/revisions"}],"predecessor-version":[{"id":7655,"href":"https:\/\/eat-life.fundesplai.org\/en\/wp-json\/wp\/v2\/pages\/3897\/revisions\/7655"}],"wp:attachment":[{"href":"https:\/\/eat-life.fundesplai.org\/en\/wp-json\/wp\/v2\/media?parent=3897"}],"curies":[{"name":"wp","href":"https:\/\/api.w.org\/{rel}","templated":true}]}}