{"id":3540,"date":"2022-03-16T13:44:07","date_gmt":"2022-03-16T12:44:07","guid":{"rendered":"https:\/\/dev-eat-life.fundesplai.org\/el-projecte\/"},"modified":"2023-01-02T11:09:15","modified_gmt":"2023-01-02T10:09:15","slug":"el-proyecto","status":"publish","type":"page","link":"https:\/\/eat-life.fundesplai.org\/es\/el-proyecto\/","title":{"rendered":"El proyecto"},"content":{"rendered":"\n<p><\/p>\n\n\n\n<div class=\"wp-block-spacer\" style=\"height: 57px;\" aria-hidden=\"true\">\u00a0<\/div>\n\n\n\n<div class=\"wp-block-columns has-white-color has-text-color has-background is-layout-flex wp-container-core-columns-is-layout-9d6595d7 wp-block-columns-is-layout-flex\" style=\"background-color:#015b41\">\n<div class=\"wp-block-column has-white-color has-text-color is-layout-flow wp-block-column-is-layout-flow\" style=\"flex-basis:33.33%\">\n<h3 class=\"wp-block-heading\">OBJETIVOS<\/h3>\n<\/div>\n\n\n\n<div class=\"wp-block-column is-layout-flow wp-block-column-is-layout-flow\" style=\"flex-basis:66.66%\">\n<ol class=\"wp-block-list\">\n<li>Promover el sentido de urgencia hacia un modelo alimentario m\u00e1s justo, saludable y sostenible con el medio ambiente.<\/li>\n\n\n\n<li>Educar sobre la huella ecol\u00f3gica y de carbono de los alimentos, concienciando sobre la responsabilidad como personas consumidoras.<\/li>\n\n\n\n<li>Fomentar un cambio de h\u00e1bitos para la adopci\u00f3n de una alimentaci\u00f3n sostenible, saludable y accesible a todos, y ofrecer herramientas a los ciudadanos para realizar cambios positivos en sus dietas.<\/li>\n\n\n\n<li>Visibilizar las iniciativas y alternativas existentes para conseguir un sistema agroalimentario mejor.<\/li>\n\n\n\n<li>Estimular el papel de los centros educativos como agentes esenciales para la consecuci\u00f3n de los objetivos ambientales.<\/li>\n<\/ol>\n<\/div>\n<\/div>\n\n\n\n<div class=\"wp-block-columns has-white-color has-text-color has-background is-layout-flex wp-container-core-columns-is-layout-9d6595d7 wp-block-columns-is-layout-flex\" style=\"background-color:#9db496\">\n<div class=\"wp-block-column has-white-color has-text-color is-layout-flow wp-block-column-is-layout-flow\" style=\"flex-basis:33.33%\">\n<h3 class=\"wp-block-heading\">DURACI\u00d3N<\/h3>\n<\/div>\n\n\n\n<div class=\"wp-block-column is-layout-flow wp-block-column-is-layout-flow\" style=\"flex-basis:66.66%\">\n<p>09-2021 a 08-2023<\/p>\n<\/div>\n<\/div>\n\n\n\n<div class=\"wp-block-columns has-white-color has-text-color has-background is-layout-flex wp-container-core-columns-is-layout-9d6595d7 wp-block-columns-is-layout-flex\" style=\"background-color:#015b41\">\n<div class=\"wp-block-column has-white-color has-text-color is-layout-flow wp-block-column-is-layout-flow\" style=\"flex-basis:33.33%\">\n<h3 class=\"wp-block-heading\">ACTIVIDADES<\/h3>\n<\/div>\n\n\n\n<div class=\"wp-block-column is-layout-flow wp-block-column-is-layout-flow\" style=\"flex-basis:66.66%\">\n<p>&#8211; <a href=\"https:\/\/eat-life.fundesplai.org\/es\/conferencies\/\" target=\"_blank\" rel=\"noreferrer noopener\">Ciclo de conferencias y contenido de expertos<\/a><br>&#8211; <a href=\"https:\/\/eat-life.fundesplai.org\/es\/talleres-para-familias\/\" target=\"_blank\" rel=\"noreferrer noopener\">Talleres para familias<\/a><br>&#8211; <a href=\"https:\/\/eat-life.fundesplai.org\/es\/formaciones\/\" target=\"_blank\" rel=\"noreferrer noopener\">Cursos sobre alimentaci\u00f3n sostenible<\/a> <br>&#8211; <a href=\"https:\/\/eat-life.fundesplai.org\/es\/es-recursos-educativos\/\" target=\"_blank\" rel=\"noreferrer noopener\">Recursos educativos<\/a><br>&#8211; <a href=\"https:\/\/eat-life.fundesplai.org\/es\/premios-jovenes-para-el-manana\/\" target=\"_blank\" rel=\"noreferrer noopener\">Premios J\u00f3venes por el Ma\u00f1ana<\/a><\/p>\n<\/div>\n<\/div>\n\n\n\n<div class=\"wp-block-columns has-white-color has-text-color has-background is-layout-flex wp-container-core-columns-is-layout-9d6595d7 wp-block-columns-is-layout-flex\" style=\"background-color:#9db496\">\n<div class=\"wp-block-column has-white-color has-text-color is-layout-flow wp-block-column-is-layout-flow\" style=\"flex-basis:33.33%\">\n<h3 class=\"wp-block-heading\">IMPULSOR<\/h3>\n<\/div>\n\n\n\n<div class=\"wp-block-column is-layout-flow wp-block-column-is-layout-flow\" style=\"flex-basis:66.66%\">\n<p>Fundesplai<\/p>\n<\/div>\n<\/div>\n\n\n\n<div class=\"wp-block-columns has-white-color has-text-color has-background is-layout-flex wp-container-core-columns-is-layout-9d6595d7 wp-block-columns-is-layout-flex\" style=\"background-color:#015b41\">\n<div class=\"wp-block-column has-white-color has-text-color is-layout-flow wp-block-column-is-layout-flow\" style=\"flex-basis:33.33%\">\n<h3 class=\"wp-block-heading\">SUBVENCI\u00d3N<\/h3>\n<\/div>\n\n\n\n<div class=\"wp-block-column is-layout-flow wp-block-column-is-layout-flow\" style=\"flex-basis:66.66%\">\n<p>La Uni\u00f3n Europea, a trav\u00e9s del programa LIFE, ha otorgado una subvenci\u00f3n al proyecto.<\/p>\n<\/div>\n<\/div>\n\n\n\n<div class=\"wp-block-columns has-white-color has-text-color has-background is-layout-flex wp-container-core-columns-is-layout-9d6595d7 wp-block-columns-is-layout-flex\" style=\"background-color:#9db496\">\n<div class=\"wp-block-column has-white-color has-text-color is-layout-flow wp-block-column-is-layout-flow\" style=\"flex-basis:33.33%\">\n<h3 class=\"wp-block-heading\">CONTACTO<\/h3>\n<\/div>\n\n\n\n<div class=\"wp-block-column is-layout-flow wp-block-column-is-layout-flow\" style=\"flex-basis:66.66%\">\n<p>euro.projects@fundesplai.org <\/p>\n<\/div>\n<\/div>\n\n\n\n<p>&nbsp;<\/p>\n","protected":false},"excerpt":{"rendered":"<p>OBJETIVOS DURACI\u00d3N 09-2021 a 08-2023 ACTIVIDADES &#8211; Ciclo de conferencias y contenido de expertos&#8211; Talleres para familias&#8211; [&hellip;]<\/p>\n","protected":false},"author":1,"featured_media":0,"parent":0,"menu_order":0,"comment_status":"closed","ping_status":"closed","template":"template\/full-width.php","meta":{"inline_featured_image":false,"footnotes":""},"class_list":["post-3540","page","type-page","status-publish","hentry"],"yoast_head":"<!-- This site is optimized with the Yoast SEO plugin v27.6 - https:\/\/yoast.com\/product\/yoast-seo-wordpress\/ -->\n<title>El proyecto - EAT: LIFE<\/title>\n<meta name=\"robots\" content=\"noindex, follow, max-snippet:-1, max-image-preview:large, max-video-preview:-1\" \/>\n<meta property=\"og:locale\" content=\"es_ES\" \/>\n<meta property=\"og:type\" content=\"article\" \/>\n<meta property=\"og:title\" content=\"El proyecto - EAT: LIFE\" \/>\n<meta property=\"og:description\" content=\"OBJETIVOS DURACI\u00d3N 09-2021 a 08-2023 ACTIVIDADES &#8211; Ciclo de conferencias y contenido de expertos&#8211; Talleres para familias&#8211; [&hellip;]\" \/>\n<meta property=\"og:url\" content=\"https:\/\/eat-life.fundesplai.org\/el-projecte\/\" \/>\n<meta property=\"og:site_name\" content=\"EAT: LIFE\" \/>\n<meta property=\"article:modified_time\" content=\"2023-01-02T10:09:15+00:00\" \/>\n<meta name=\"twitter:card\" content=\"summary_large_image\" \/>\n<meta name=\"twitter:label1\" content=\"Tiempo de lectura\" \/>\n\t<meta name=\"twitter:data1\" content=\"1 minuto\" \/>\n<script type=\"application\/ld+json\" class=\"yoast-schema-graph\">{\"@context\":\"https:\\\/\\\/schema.org\",\"@graph\":[{\"@type\":\"WebPage\",\"@id\":\"https:\\\/\\\/eat-life.fundesplai.org\\\/el-projecte\\\/\",\"url\":\"https:\\\/\\\/eat-life.fundesplai.org\\\/el-projecte\\\/\",\"name\":\"El proyecto - EAT: LIFE\",\"isPartOf\":{\"@id\":\"https:\\\/\\\/eat-life.fundesplai.org\\\/#website\"},\"datePublished\":\"2022-03-16T12:44:07+00:00\",\"dateModified\":\"2023-01-02T10:09:15+00:00\",\"inLanguage\":\"es\",\"potentialAction\":[{\"@type\":\"ReadAction\",\"target\":[\"https:\\\/\\\/eat-life.fundesplai.org\\\/el-projecte\\\/\"]}]},{\"@type\":\"WebSite\",\"@id\":\"https:\\\/\\\/eat-life.fundesplai.org\\\/#website\",\"url\":\"https:\\\/\\\/eat-life.fundesplai.org\\\/\",\"name\":\"EAT: LIFE\",\"description\":\"Una exposici\u00f3 tem\u00e0tica sobre el futur de l&#039;alimentaci\u00f3\",\"potentialAction\":[{\"@type\":\"SearchAction\",\"target\":{\"@type\":\"EntryPoint\",\"urlTemplate\":\"https:\\\/\\\/eat-life.fundesplai.org\\\/?s={search_term_string}\"},\"query-input\":{\"@type\":\"PropertyValueSpecification\",\"valueRequired\":true,\"valueName\":\"search_term_string\"}}],\"inLanguage\":\"es\"}]}<\/script>\n<!-- \/ Yoast SEO plugin. -->","yoast_head_json":{"title":"El proyecto - EAT: LIFE","robots":{"index":"noindex","follow":"follow","max-snippet":"max-snippet:-1","max-image-preview":"max-image-preview:large","max-video-preview":"max-video-preview:-1"},"og_locale":"es_ES","og_type":"article","og_title":"El proyecto - EAT: LIFE","og_description":"OBJETIVOS DURACI\u00d3N 09-2021 a 08-2023 ACTIVIDADES &#8211; Ciclo de conferencias y contenido de expertos&#8211; Talleres para familias&#8211; [&hellip;]","og_url":"https:\/\/eat-life.fundesplai.org\/el-projecte\/","og_site_name":"EAT: LIFE","article_modified_time":"2023-01-02T10:09:15+00:00","twitter_card":"summary_large_image","twitter_misc":{"Tiempo de lectura":"1 minuto"},"schema":{"@context":"https:\/\/schema.org","@graph":[{"@type":"WebPage","@id":"https:\/\/eat-life.fundesplai.org\/el-projecte\/","url":"https:\/\/eat-life.fundesplai.org\/el-projecte\/","name":"El proyecto - EAT: LIFE","isPartOf":{"@id":"https:\/\/eat-life.fundesplai.org\/#website"},"datePublished":"2022-03-16T12:44:07+00:00","dateModified":"2023-01-02T10:09:15+00:00","inLanguage":"es","potentialAction":[{"@type":"ReadAction","target":["https:\/\/eat-life.fundesplai.org\/el-projecte\/"]}]},{"@type":"WebSite","@id":"https:\/\/eat-life.fundesplai.org\/#website","url":"https:\/\/eat-life.fundesplai.org\/","name":"EAT: LIFE","description":"Una exposici\u00f3 tem\u00e0tica sobre el futur de l&#039;alimentaci\u00f3","potentialAction":[{"@type":"SearchAction","target":{"@type":"EntryPoint","urlTemplate":"https:\/\/eat-life.fundesplai.org\/?s={search_term_string}"},"query-input":{"@type":"PropertyValueSpecification","valueRequired":true,"valueName":"search_term_string"}}],"inLanguage":"es"}]}},"_links":{"self":[{"href":"https:\/\/eat-life.fundesplai.org\/es\/wp-json\/wp\/v2\/pages\/3540","targetHints":{"allow":["GET"]}}],"collection":[{"href":"https:\/\/eat-life.fundesplai.org\/es\/wp-json\/wp\/v2\/pages"}],"about":[{"href":"https:\/\/eat-life.fundesplai.org\/es\/wp-json\/wp\/v2\/types\/page"}],"author":[{"embeddable":true,"href":"https:\/\/eat-life.fundesplai.org\/es\/wp-json\/wp\/v2\/users\/1"}],"replies":[{"embeddable":true,"href":"https:\/\/eat-life.fundesplai.org\/es\/wp-json\/wp\/v2\/comments?post=3540"}],"version-history":[{"count":6,"href":"https:\/\/eat-life.fundesplai.org\/es\/wp-json\/wp\/v2\/pages\/3540\/revisions"}],"predecessor-version":[{"id":6201,"href":"https:\/\/eat-life.fundesplai.org\/es\/wp-json\/wp\/v2\/pages\/3540\/revisions\/6201"}],"wp:attachment":[{"href":"https:\/\/eat-life.fundesplai.org\/es\/wp-json\/wp\/v2\/media?parent=3540"}],"curies":[{"name":"wp","href":"https:\/\/api.w.org\/{rel}","templated":true}]}}