{"id":3562,"date":"2021-09-10T10:24:56","date_gmt":"2021-09-10T08:24:56","guid":{"rendered":"https:\/\/dev-eat-life.fundesplai.org\/politica-de-privacitat\/"},"modified":"2022-03-22T17:37:51","modified_gmt":"2022-03-22T16:37:51","slug":"politica-de-privacidad","status":"publish","type":"page","link":"https:\/\/eat-life.fundesplai.org\/es\/politica-de-privacidad\/","title":{"rendered":"Pol\u00edtica de privacidad"},"content":{"rendered":"\r\n<p>La present Pol\u00edtica de Privacitat detalla com la Fundaci\u00f3 Catalana de l\u2019Esplai (Fundesplai) i Dem\u00e0 M\u00f3n Sostenible, S.L., en la seva qualitat de corresponsables del tractament, tractaran les dades personals dels usuaris d\u2019aquest lloc web.<\/p>\r\n\r\n\r\n\r\n<p>Fundesplai i Dem\u00e0 m\u00f3n Sostenible, S.L. tenen el seu domicili a 08820 El Prat de Llobregat (Barcelona), Carrer Riu Anoia, 42-54, Edifici Centre Esplai; i els interessats es podran posar en contacte mitjan\u00e7ant correu electr\u00f2nic a l\u2019adre\u00e7a <a href=\"mailto:dadespersonals@fundesplai.org\">dadespersonals@fundesplai.org<\/a> per poder formular consultes i exercir els seus drets en relaci\u00f3 al tractament de les seves dades personals.<\/p>\r\n\r\n\r\n\r\n<h2 class=\"wp-block-heading\">FINALITAT<\/h2>\r\n\r\n\r\n\r\n<p>Els corresponsables tractaran les dades personals dels usuaris, depenent de l\u2019\u00fas que aquests en facin, per alguna de les seg\u00fcents finalitats:<\/p>\r\n\r\n\r\n\r\n<ul class=\"wp-block-list\">\r\n<li>Donar resposta a les consultes que aquests poden fer al formulari habilitat a l\u2019efecte.<\/li>\r\n<li>Enviar el butllet\u00ed informatiu en el cas de que s\u2019hagin subscrit.<\/li>\r\n<li>Realitzar enquestes.<\/li>\r\n<li>Vendre les entrades dels esdeveniments organitzats per la Fundaci\u00f3.<\/li>\r\n<\/ul>\r\n\r\n\r\n\r\n<p>Les dades seran conservades durant el temps que sigui necessari per a complir amb la finalitat descrita, sense perjudici de que puguin ser conservades durant un termini superior en el cas de que una norma legal aix\u00ed ho exigeixi.<\/p>\r\n\r\n\r\n\r\n<p>Els usuaris no seran objecte de decisions automatitzades ni s\u2019elaboraran perfils d\u2019aquests.<\/p>\r\n\r\n\r\n\r\n<h2 class=\"wp-block-heading\">LEGITIMACI\u00d3<\/h2>\r\n\r\n\r\n\r\n<p>La base leg\u00edtima per part dels corresponsables per a tractar les dades personals dels usuaris dep\u00e8n del tipus de tractament que portin a terme. D\u2019aquesta manera, les bases leg\u00edtimes seran les seg\u00fcents:<\/p>\r\n\r\n\r\n\r\n<ul class=\"wp-block-list\">\r\n<li>Per a donar resposta a les diferents consultes rebudes efectuades pels usuaris, el propi inter\u00e8s leg\u00edtim (art. 6.1.f) RGPD);<\/li>\r\n<li>Per a l\u2019enviament del butllet\u00ed informatiu, el consentiment pr\u00e8viament atorgat a tal efecte per l\u2019usuari (art. 6.1.a) RGPD). L\u2019esmentat consentiment podr\u00e0 ser revocat per l\u2019usuari en qualsevol moment de forma gratu\u00efta.<\/li>\r\n<li>Per a la realitzaci\u00f3 d\u2019enquestes, el consentiment pr\u00e8viament atorgat a tal efecte per l\u2019usuari (art. 6.1.a) RGPD). L\u2019esmentat consentiment podr\u00e0 ser revocat per l\u2019usuari en qualsevol moment de forma gratu\u00efta.<\/li>\r\n<li>Per a vendre les entrades dels esdeveniments organitzats per la Fundaci\u00f3, per l\u2019execuci\u00f3 d\u2019un contracte del qual l\u2019usuari n\u2019\u00e9s part (6.1.b) RGPD).<\/li>\r\n<\/ul>\r\n\r\n\r\n\r\n<h2 class=\"wp-block-heading\">DESTINATARIS<\/h2>\r\n\r\n\r\n\r\n<p>No es preveuen les cessions de dades a tercers ni la transfer\u00e8ncia internacional de les mateixes, sense perjudici que sigui possible que es cedeixin dades entre les diferents entitats que formen part del mateix grup de la Fundaci\u00f3 per a poder portar a terme els serveis esmentats.<\/p>\r\n\r\n\r\n\r\n<h2 class=\"wp-block-heading\">DRETS<\/h2>\r\n\r\n\r\n\r\n<p>Els usuaris tindran en tot moment dret a accedir, rectificar, cancel\u00b7lar i, si procedeix, oposar-se al tractament de les seves dades personals, aix\u00ed com a reclamar davant l\u2019Autoritat de Control pertinent en mat\u00e8ria de protecci\u00f3 de dades.<\/p>\r\n","protected":false},"excerpt":{"rendered":"<p>La present Pol\u00edtica de Privacitat detalla com la Fundaci\u00f3 Catalana de l\u2019Esplai (Fundesplai) i Dem\u00e0 M\u00f3n Sostenible, [&hellip;]<\/p>\n","protected":false},"author":1,"featured_media":0,"parent":0,"menu_order":0,"comment_status":"closed","ping_status":"open","template":"template\/full-width.php","meta":{"inline_featured_image":false,"footnotes":""},"class_list":["post-3562","page","type-page","status-publish","hentry"],"yoast_head":"<!-- This site is optimized with the Yoast SEO plugin v27.4 - https:\/\/yoast.com\/product\/yoast-seo-wordpress\/ -->\n<title>Pol\u00edtica de privacidad - EAT: LIFE<\/title>\n<meta name=\"robots\" content=\"noindex, follow, max-snippet:-1, max-image-preview:large, max-video-preview:-1\" \/>\n<meta property=\"og:locale\" content=\"es_ES\" \/>\n<meta property=\"og:type\" content=\"article\" \/>\n<meta property=\"og:title\" content=\"Pol\u00edtica de privacidad - EAT: LIFE\" \/>\n<meta property=\"og:description\" content=\"La present Pol\u00edtica de Privacitat detalla com la Fundaci\u00f3 Catalana de l\u2019Esplai (Fundesplai) i Dem\u00e0 M\u00f3n Sostenible, [&hellip;]\" \/>\n<meta property=\"og:url\" content=\"https:\/\/eat-life.fundesplai.org\/es\/politica-de-privacidad\/\" \/>\n<meta property=\"og:site_name\" content=\"EAT: LIFE\" \/>\n<meta property=\"article:modified_time\" content=\"2022-03-22T16:37:51+00:00\" \/>\n<meta name=\"twitter:card\" content=\"summary_large_image\" \/>\n<meta name=\"twitter:label1\" content=\"Tiempo de lectura\" \/>\n\t<meta name=\"twitter:data1\" content=\"2 minutos\" \/>\n<script type=\"application\/ld+json\" class=\"yoast-schema-graph\">{\"@context\":\"https:\\\/\\\/schema.org\",\"@graph\":[{\"@type\":\"WebPage\",\"@id\":\"https:\\\/\\\/eat-life.fundesplai.org\\\/es\\\/politica-de-privacidad\\\/\",\"url\":\"https:\\\/\\\/eat-life.fundesplai.org\\\/es\\\/politica-de-privacidad\\\/\",\"name\":\"Pol\u00edtica de privacidad - EAT: LIFE\",\"isPartOf\":{\"@id\":\"https:\\\/\\\/eat-life.fundesplai.org\\\/#website\"},\"datePublished\":\"2021-09-10T08:24:56+00:00\",\"dateModified\":\"2022-03-22T16:37:51+00:00\",\"inLanguage\":\"es\",\"potentialAction\":[{\"@type\":\"ReadAction\",\"target\":[\"https:\\\/\\\/eat-life.fundesplai.org\\\/es\\\/politica-de-privacidad\\\/\"]}]},{\"@type\":\"WebSite\",\"@id\":\"https:\\\/\\\/eat-life.fundesplai.org\\\/#website\",\"url\":\"https:\\\/\\\/eat-life.fundesplai.org\\\/\",\"name\":\"EAT: LIFE\",\"description\":\"Una exposici\u00f3 tem\u00e0tica sobre el futur de l&#039;alimentaci\u00f3\",\"potentialAction\":[{\"@type\":\"SearchAction\",\"target\":{\"@type\":\"EntryPoint\",\"urlTemplate\":\"https:\\\/\\\/eat-life.fundesplai.org\\\/?s={search_term_string}\"},\"query-input\":{\"@type\":\"PropertyValueSpecification\",\"valueRequired\":true,\"valueName\":\"search_term_string\"}}],\"inLanguage\":\"es\"}]}<\/script>\n<!-- \/ Yoast SEO plugin. -->","yoast_head_json":{"title":"Pol\u00edtica de privacidad - EAT: LIFE","robots":{"index":"noindex","follow":"follow","max-snippet":"max-snippet:-1","max-image-preview":"max-image-preview:large","max-video-preview":"max-video-preview:-1"},"og_locale":"es_ES","og_type":"article","og_title":"Pol\u00edtica de privacidad - EAT: LIFE","og_description":"La present Pol\u00edtica de Privacitat detalla com la Fundaci\u00f3 Catalana de l\u2019Esplai (Fundesplai) i Dem\u00e0 M\u00f3n Sostenible, [&hellip;]","og_url":"https:\/\/eat-life.fundesplai.org\/es\/politica-de-privacidad\/","og_site_name":"EAT: LIFE","article_modified_time":"2022-03-22T16:37:51+00:00","twitter_card":"summary_large_image","twitter_misc":{"Tiempo de lectura":"2 minutos"},"schema":{"@context":"https:\/\/schema.org","@graph":[{"@type":"WebPage","@id":"https:\/\/eat-life.fundesplai.org\/es\/politica-de-privacidad\/","url":"https:\/\/eat-life.fundesplai.org\/es\/politica-de-privacidad\/","name":"Pol\u00edtica de privacidad - EAT: LIFE","isPartOf":{"@id":"https:\/\/eat-life.fundesplai.org\/#website"},"datePublished":"2021-09-10T08:24:56+00:00","dateModified":"2022-03-22T16:37:51+00:00","inLanguage":"es","potentialAction":[{"@type":"ReadAction","target":["https:\/\/eat-life.fundesplai.org\/es\/politica-de-privacidad\/"]}]},{"@type":"WebSite","@id":"https:\/\/eat-life.fundesplai.org\/#website","url":"https:\/\/eat-life.fundesplai.org\/","name":"EAT: LIFE","description":"Una exposici\u00f3 tem\u00e0tica sobre el futur de l&#039;alimentaci\u00f3","potentialAction":[{"@type":"SearchAction","target":{"@type":"EntryPoint","urlTemplate":"https:\/\/eat-life.fundesplai.org\/?s={search_term_string}"},"query-input":{"@type":"PropertyValueSpecification","valueRequired":true,"valueName":"search_term_string"}}],"inLanguage":"es"}]}},"_links":{"self":[{"href":"https:\/\/eat-life.fundesplai.org\/es\/wp-json\/wp\/v2\/pages\/3562","targetHints":{"allow":["GET"]}}],"collection":[{"href":"https:\/\/eat-life.fundesplai.org\/es\/wp-json\/wp\/v2\/pages"}],"about":[{"href":"https:\/\/eat-life.fundesplai.org\/es\/wp-json\/wp\/v2\/types\/page"}],"author":[{"embeddable":true,"href":"https:\/\/eat-life.fundesplai.org\/es\/wp-json\/wp\/v2\/users\/1"}],"replies":[{"embeddable":true,"href":"https:\/\/eat-life.fundesplai.org\/es\/wp-json\/wp\/v2\/comments?post=3562"}],"version-history":[{"count":1,"href":"https:\/\/eat-life.fundesplai.org\/es\/wp-json\/wp\/v2\/pages\/3562\/revisions"}],"predecessor-version":[{"id":3563,"href":"https:\/\/eat-life.fundesplai.org\/es\/wp-json\/wp\/v2\/pages\/3562\/revisions\/3563"}],"wp:attachment":[{"href":"https:\/\/eat-life.fundesplai.org\/es\/wp-json\/wp\/v2\/media?parent=3562"}],"curies":[{"name":"wp","href":"https:\/\/api.w.org\/{rel}","templated":true}]}}