{"id":3566,"date":"2022-03-17T11:52:04","date_gmt":"2022-03-17T10:52:04","guid":{"rendered":"https:\/\/dev-eat-life.fundesplai.org\/premis-joves-pel-dema\/"},"modified":"2022-12-21T15:07:25","modified_gmt":"2022-12-21T14:07:25","slug":"premios-jovenes-por-el-manana","status":"publish","type":"page","link":"https:\/\/eat-life.fundesplai.org\/es\/premios-jovenes-por-el-manana\/","title":{"rendered":"Premios j\u00f3venes por el ma\u00f1ana"},"content":{"rendered":"\n<p id=\"tw-target-text\">Los <strong>Premios J\u00f3venes para el Ma\u00f1ana <\/strong>son unos premios impulsados \u200b\u200bpor Fundesplai que tienen como objetivo <strong>empoderar y reconocer la labor de aquellos j\u00f3venes que quieran contribuir a fomentar una alimentaci\u00f3n saludable y sostenible<\/strong>.<\/p>\n\n\n\n<div style=\"height:50px\" aria-hidden=\"true\" class=\"wp-block-spacer\"><\/div>\n\n\n\n<h4 class=\"has-text-align-center wp-block-heading\"><strong>\u00bfQu\u00e9 objetivos tiene el premio?<\/strong><\/h4>\n\n\n\n<div style=\"height:56px\" aria-hidden=\"true\" class=\"wp-block-spacer\"><\/div>\n\n\n\n<p id=\"tw-target-text\">\u2013 Impulsar proyectos para promover h\u00e1bitos saludables entre la ciudadan\u00eda y potenciar un cambio en el modelo de producci\u00f3n de alimentos. <\/p>\n\n\n\n<p id=\"tw-target-text\">\u2013 Acercar los Objetivos del Desarrollo Sostenible (ODS) al colectivo juvenil, para movilizarlos como marco de acci\u00f3n para la transformaci\u00f3n ambiental y social de su entorno inmediato y de su comunidad.<\/p>\n\n\n\n<p id=\"tw-target-text\"> \u2013 Reconocer y motivar a j\u00f3venes con voluntad de movilizarse en favor de un mundo m\u00e1s justo y sostenible, promoviendo sus iniciativas transformadoras.<\/p>\n\n\n\n<div style=\"height:52px\" aria-hidden=\"true\" class=\"wp-block-spacer\"><\/div>\n\n\n\n<div class=\"wp-block-buttons is-content-justification-center is-layout-flex wp-container-core-buttons-is-layout-16018d1d wp-block-buttons-is-layout-flex\">\n<div class=\"wp-block-button\"><a class=\"wp-block-button__link\">\u00a1Participa!<\/a><\/div>\n<\/div>\n\n\n\n<div style=\"height:52px\" aria-hidden=\"true\" class=\"wp-block-spacer\"><\/div>\n\n\n\n<figure class=\"wp-block-image size-large\"><img loading=\"lazy\" decoding=\"async\" width=\"1024\" height=\"861\" src=\"https:\/\/eat-life.fundesplai.org\/wp-content\/uploads\/2022\/04\/premis-joves-pel-dema-1024x861.jpg\" alt=\"\" class=\"wp-image-3997\" srcset=\"https:\/\/eat-life.fundesplai.org\/wp-content\/uploads\/2022\/04\/premis-joves-pel-dema-1024x861.jpg 1024w, https:\/\/eat-life.fundesplai.org\/wp-content\/uploads\/2022\/04\/premis-joves-pel-dema-595x500.jpg 595w, https:\/\/eat-life.fundesplai.org\/wp-content\/uploads\/2022\/04\/premis-joves-pel-dema-768x646.jpg 768w, https:\/\/eat-life.fundesplai.org\/wp-content\/uploads\/2022\/04\/premis-joves-pel-dema-300x252.jpg 300w, https:\/\/eat-life.fundesplai.org\/wp-content\/uploads\/2022\/04\/premis-joves-pel-dema-500x420.jpg 500w, https:\/\/eat-life.fundesplai.org\/wp-content\/uploads\/2022\/04\/premis-joves-pel-dema.jpg 1080w\" sizes=\"auto, (max-width: 1024px) 100vw, 1024px\" \/><\/figure>\n\n\n\n<div class=\"wp-block-columns is-layout-flex wp-container-core-columns-is-layout-9d6595d7 wp-block-columns-is-layout-flex\">\n<div class=\"wp-block-column is-layout-flow wp-block-column-is-layout-flow\" style=\"flex-basis:100%\"><\/div>\n<\/div>\n","protected":false},"excerpt":{"rendered":"<p>Los Premios J\u00f3venes para el Ma\u00f1ana son unos premios impulsados \u200b\u200bpor Fundesplai que tienen como objetivo empoderar [&hellip;]<\/p>\n","protected":false},"author":1,"featured_media":0,"parent":0,"menu_order":0,"comment_status":"closed","ping_status":"closed","template":"template\/full-width.php","meta":{"inline_featured_image":false,"footnotes":""},"class_list":["post-3566","page","type-page","status-publish","hentry"],"yoast_head":"<!-- This site is optimized with the Yoast SEO plugin v27.4 - https:\/\/yoast.com\/product\/yoast-seo-wordpress\/ -->\n<title>Premios j\u00f3venes por el ma\u00f1ana - EAT: LIFE<\/title>\n<meta name=\"robots\" content=\"noindex, follow, max-snippet:-1, max-image-preview:large, max-video-preview:-1\" \/>\n<meta property=\"og:locale\" content=\"es_ES\" \/>\n<meta property=\"og:type\" content=\"article\" \/>\n<meta property=\"og:title\" content=\"Premios j\u00f3venes por el ma\u00f1ana - EAT: LIFE\" \/>\n<meta property=\"og:description\" content=\"Los Premios J\u00f3venes para el Ma\u00f1ana son unos premios impulsados \u200b\u200bpor Fundesplai que tienen como objetivo empoderar [&hellip;]\" \/>\n<meta property=\"og:url\" content=\"https:\/\/eat-life.fundesplai.org\/es\/premios-jovenes-por-el-manana\/\" \/>\n<meta property=\"og:site_name\" content=\"EAT: LIFE\" \/>\n<meta property=\"article:modified_time\" content=\"2022-12-21T14:07:25+00:00\" \/>\n<meta property=\"og:image\" content=\"https:\/\/eat-life.fundesplai.org\/wp-content\/uploads\/2022\/04\/premis-joves-pel-dema-1024x861.jpg\" \/>\n<meta name=\"twitter:card\" content=\"summary_large_image\" \/>\n<meta name=\"twitter:label1\" content=\"Tiempo de lectura\" \/>\n\t<meta name=\"twitter:data1\" content=\"1 minuto\" \/>\n<script type=\"application\/ld+json\" class=\"yoast-schema-graph\">{\"@context\":\"https:\\\/\\\/schema.org\",\"@graph\":[{\"@type\":\"WebPage\",\"@id\":\"https:\\\/\\\/eat-life.fundesplai.org\\\/es\\\/premios-jovenes-por-el-manana\\\/\",\"url\":\"https:\\\/\\\/eat-life.fundesplai.org\\\/es\\\/premios-jovenes-por-el-manana\\\/\",\"name\":\"Premios j\u00f3venes por el ma\u00f1ana - EAT: LIFE\",\"isPartOf\":{\"@id\":\"https:\\\/\\\/eat-life.fundesplai.org\\\/#website\"},\"primaryImageOfPage\":{\"@id\":\"https:\\\/\\\/eat-life.fundesplai.org\\\/es\\\/premios-jovenes-por-el-manana\\\/#primaryimage\"},\"image\":{\"@id\":\"https:\\\/\\\/eat-life.fundesplai.org\\\/es\\\/premios-jovenes-por-el-manana\\\/#primaryimage\"},\"thumbnailUrl\":\"https:\\\/\\\/eat-life.fundesplai.org\\\/wp-content\\\/uploads\\\/2022\\\/04\\\/premis-joves-pel-dema-1024x861.jpg\",\"datePublished\":\"2022-03-17T10:52:04+00:00\",\"dateModified\":\"2022-12-21T14:07:25+00:00\",\"inLanguage\":\"es\",\"potentialAction\":[{\"@type\":\"ReadAction\",\"target\":[\"https:\\\/\\\/eat-life.fundesplai.org\\\/es\\\/premios-jovenes-por-el-manana\\\/\"]}]},{\"@type\":\"ImageObject\",\"inLanguage\":\"es\",\"@id\":\"https:\\\/\\\/eat-life.fundesplai.org\\\/es\\\/premios-jovenes-por-el-manana\\\/#primaryimage\",\"url\":\"https:\\\/\\\/eat-life.fundesplai.org\\\/wp-content\\\/uploads\\\/2022\\\/04\\\/premis-joves-pel-dema-1024x861.jpg\",\"contentUrl\":\"https:\\\/\\\/eat-life.fundesplai.org\\\/wp-content\\\/uploads\\\/2022\\\/04\\\/premis-joves-pel-dema-1024x861.jpg\"},{\"@type\":\"WebSite\",\"@id\":\"https:\\\/\\\/eat-life.fundesplai.org\\\/#website\",\"url\":\"https:\\\/\\\/eat-life.fundesplai.org\\\/\",\"name\":\"EAT: LIFE\",\"description\":\"Una exposici\u00f3 tem\u00e0tica sobre el futur de l&#039;alimentaci\u00f3\",\"potentialAction\":[{\"@type\":\"SearchAction\",\"target\":{\"@type\":\"EntryPoint\",\"urlTemplate\":\"https:\\\/\\\/eat-life.fundesplai.org\\\/?s={search_term_string}\"},\"query-input\":{\"@type\":\"PropertyValueSpecification\",\"valueRequired\":true,\"valueName\":\"search_term_string\"}}],\"inLanguage\":\"es\"}]}<\/script>\n<!-- \/ Yoast SEO plugin. -->","yoast_head_json":{"title":"Premios j\u00f3venes por el ma\u00f1ana - EAT: LIFE","robots":{"index":"noindex","follow":"follow","max-snippet":"max-snippet:-1","max-image-preview":"max-image-preview:large","max-video-preview":"max-video-preview:-1"},"og_locale":"es_ES","og_type":"article","og_title":"Premios j\u00f3venes por el ma\u00f1ana - EAT: LIFE","og_description":"Los Premios J\u00f3venes para el Ma\u00f1ana son unos premios impulsados \u200b\u200bpor Fundesplai que tienen como objetivo empoderar [&hellip;]","og_url":"https:\/\/eat-life.fundesplai.org\/es\/premios-jovenes-por-el-manana\/","og_site_name":"EAT: LIFE","article_modified_time":"2022-12-21T14:07:25+00:00","og_image":[{"url":"https:\/\/eat-life.fundesplai.org\/wp-content\/uploads\/2022\/04\/premis-joves-pel-dema-1024x861.jpg","type":"","width":"","height":""}],"twitter_card":"summary_large_image","twitter_misc":{"Tiempo de lectura":"1 minuto"},"schema":{"@context":"https:\/\/schema.org","@graph":[{"@type":"WebPage","@id":"https:\/\/eat-life.fundesplai.org\/es\/premios-jovenes-por-el-manana\/","url":"https:\/\/eat-life.fundesplai.org\/es\/premios-jovenes-por-el-manana\/","name":"Premios j\u00f3venes por el ma\u00f1ana - EAT: LIFE","isPartOf":{"@id":"https:\/\/eat-life.fundesplai.org\/#website"},"primaryImageOfPage":{"@id":"https:\/\/eat-life.fundesplai.org\/es\/premios-jovenes-por-el-manana\/#primaryimage"},"image":{"@id":"https:\/\/eat-life.fundesplai.org\/es\/premios-jovenes-por-el-manana\/#primaryimage"},"thumbnailUrl":"https:\/\/eat-life.fundesplai.org\/wp-content\/uploads\/2022\/04\/premis-joves-pel-dema-1024x861.jpg","datePublished":"2022-03-17T10:52:04+00:00","dateModified":"2022-12-21T14:07:25+00:00","inLanguage":"es","potentialAction":[{"@type":"ReadAction","target":["https:\/\/eat-life.fundesplai.org\/es\/premios-jovenes-por-el-manana\/"]}]},{"@type":"ImageObject","inLanguage":"es","@id":"https:\/\/eat-life.fundesplai.org\/es\/premios-jovenes-por-el-manana\/#primaryimage","url":"https:\/\/eat-life.fundesplai.org\/wp-content\/uploads\/2022\/04\/premis-joves-pel-dema-1024x861.jpg","contentUrl":"https:\/\/eat-life.fundesplai.org\/wp-content\/uploads\/2022\/04\/premis-joves-pel-dema-1024x861.jpg"},{"@type":"WebSite","@id":"https:\/\/eat-life.fundesplai.org\/#website","url":"https:\/\/eat-life.fundesplai.org\/","name":"EAT: LIFE","description":"Una exposici\u00f3 tem\u00e0tica sobre el futur de l&#039;alimentaci\u00f3","potentialAction":[{"@type":"SearchAction","target":{"@type":"EntryPoint","urlTemplate":"https:\/\/eat-life.fundesplai.org\/?s={search_term_string}"},"query-input":{"@type":"PropertyValueSpecification","valueRequired":true,"valueName":"search_term_string"}}],"inLanguage":"es"}]}},"_links":{"self":[{"href":"https:\/\/eat-life.fundesplai.org\/es\/wp-json\/wp\/v2\/pages\/3566","targetHints":{"allow":["GET"]}}],"collection":[{"href":"https:\/\/eat-life.fundesplai.org\/es\/wp-json\/wp\/v2\/pages"}],"about":[{"href":"https:\/\/eat-life.fundesplai.org\/es\/wp-json\/wp\/v2\/types\/page"}],"author":[{"embeddable":true,"href":"https:\/\/eat-life.fundesplai.org\/es\/wp-json\/wp\/v2\/users\/1"}],"replies":[{"embeddable":true,"href":"https:\/\/eat-life.fundesplai.org\/es\/wp-json\/wp\/v2\/comments?post=3566"}],"version-history":[{"count":12,"href":"https:\/\/eat-life.fundesplai.org\/es\/wp-json\/wp\/v2\/pages\/3566\/revisions"}],"predecessor-version":[{"id":6099,"href":"https:\/\/eat-life.fundesplai.org\/es\/wp-json\/wp\/v2\/pages\/3566\/revisions\/6099"}],"wp:attachment":[{"href":"https:\/\/eat-life.fundesplai.org\/es\/wp-json\/wp\/v2\/media?parent=3566"}],"curies":[{"name":"wp","href":"https:\/\/api.w.org\/{rel}","templated":true}]}}