{"id":3582,"date":"2022-03-17T12:34:28","date_gmt":"2022-03-17T11:34:28","guid":{"rendered":"https:\/\/dev-eat-life.fundesplai.org\/tallers-per-a-families\/"},"modified":"2022-12-14T17:14:17","modified_gmt":"2022-12-14T16:14:17","slug":"talleres-para-familias","status":"publish","type":"page","link":"https:\/\/eat-life.fundesplai.org\/es\/talleres-para-familias\/","title":{"rendered":"Talleres para familias"},"content":{"rendered":"\n<p>Los talleres para familias est\u00e1n enfocados en disuadir la idea de que comer de manera sostenible y saludable es muy caro y que requiere de mucho tiempo y esfuerzo, teniendo en cuenta las dificultades y realidades de la vida familiar. El enfoque de los talleres es muy pr\u00e1ctico y sigue una metodolog\u00eda que quiere garantizar la implicaci\u00f3n, sensibilizaci\u00f3n y el esp\u00edritu cr\u00edtico de las familias, al mismo tiempo que promover un espacio para plantear preguntas y debatir. <\/p>\n\n\n\n<div style=\"height:14px\" aria-hidden=\"true\" class=\"wp-block-spacer\"><\/div>\n\n\n\n<p>Los talleres disponibles son los siguientes:<\/p>\n\n\n\n<div style=\"height:25px\" aria-hidden=\"true\" class=\"wp-block-spacer\"><\/div>\n\n\n\n<p>&#8211; <strong>Saludable para el planeta, saludable para m<\/strong>\u00ed: taller sobre c\u00f3mo reduicr la obesidad infantil al mismo tiempo que se toman decisiones sostenibles. Se incluyen conceptos como el benestar personal y la importancia de promover unos mejores h\u00e1bitos alimentarios.<\/p>\n\n\n\n<div style=\"height:28px\" aria-hidden=\"true\" class=\"wp-block-spacer\"><\/div>\n\n\n\n<p>&#8211; <strong>La pir\u00e1mide de los alimentos no lo es todo<\/strong>: los alimentos que comemos son importantes, pero eso no es todo. En este taller veremos c\u00f3mo la manera en la que cocinamos y presentamos los alimentos y como los comemos (delante de la televisi\u00f3n, en familia&#8230;) modela nuestros h\u00e1bitos, y tambi\u00e9n c\u00f3mo puede ser una manera f\u00e1cil de transformar nuestras dietas para que sean m\u00e1s sostenibles. <\/p>\n\n\n\n<div style=\"height:35px\" aria-hidden=\"true\" class=\"wp-block-spacer\"><\/div>\n\n\n\n<p>&#8211; <strong>Paremos el desperdicio de alimentos:<\/strong> trata sobre t\u00e9cnicas cotidianas para reducir el desperdicio alimentario (por ejemplo: c\u00f3mo evitar una compra excesiva o que la comida se ponga mala) y se complementa con recetas de cocina de aprovechamiento con ingredientes que acostumbran a ir a la basura, como las hojas de zanahoria. <\/p>\n\n\n\n<div class=\"wp-block-columns is-layout-flex wp-container-core-columns-is-layout-9d6595d7 wp-block-columns-is-layout-flex\">\n<div class=\"wp-block-column is-layout-flow wp-block-column-is-layout-flow\" style=\"flex-basis:100%\">\n<div class=\"wp-block-group\"><div class=\"wp-block-group__inner-container is-layout-flow wp-block-group-is-layout-flow\">\n<div class=\"wp-block-columns is-layout-flex wp-container-core-columns-is-layout-9d6595d7 wp-block-columns-is-layout-flex\"><\/div>\n<\/div><\/div>\n<\/div>\n<\/div>\n\n\n\n<div class=\"wp-block-columns is-layout-flex wp-container-core-columns-is-layout-9d6595d7 wp-block-columns-is-layout-flex\"><\/div>\n\n\n\n<h3 class=\"has-text-align-center wp-block-heading\"><a href=\"mailto:euro.projects@fundesplai.org\">\u00a1Cont\u00e1ctanos si quieres organizar un taller en tu escuela o esplai!<\/a><\/h3>\n\n\n\n<div style=\"height:60px\" aria-hidden=\"true\" class=\"wp-block-spacer\"><\/div>\n","protected":false},"excerpt":{"rendered":"<p>Los talleres para familias est\u00e1n enfocados en disuadir la idea de que comer de manera sostenible y [&hellip;]<\/p>\n","protected":false},"author":1,"featured_media":0,"parent":0,"menu_order":0,"comment_status":"closed","ping_status":"closed","template":"template\/full-width.php","meta":{"inline_featured_image":false,"footnotes":""},"class_list":["post-3582","page","type-page","status-publish","hentry"],"yoast_head":"<!-- This site is optimized with the Yoast SEO plugin v27.5 - https:\/\/yoast.com\/product\/yoast-seo-wordpress\/ -->\n<title>Talleres para familias - EAT: LIFE<\/title>\n<meta name=\"robots\" content=\"noindex, follow, max-snippet:-1, max-image-preview:large, max-video-preview:-1\" \/>\n<meta property=\"og:locale\" content=\"es_ES\" \/>\n<meta property=\"og:type\" content=\"article\" \/>\n<meta property=\"og:title\" content=\"Talleres para familias - EAT: LIFE\" \/>\n<meta property=\"og:description\" content=\"Los talleres para familias est\u00e1n enfocados en disuadir la idea de que comer de manera sostenible y [&hellip;]\" \/>\n<meta property=\"og:url\" content=\"https:\/\/eat-life.fundesplai.org\/tallers-per-a-families\/\" \/>\n<meta property=\"og:site_name\" content=\"EAT: LIFE\" \/>\n<meta property=\"article:modified_time\" content=\"2022-12-14T16:14:17+00:00\" \/>\n<meta name=\"twitter:card\" content=\"summary_large_image\" \/>\n<meta name=\"twitter:label1\" content=\"Tiempo de lectura\" \/>\n\t<meta name=\"twitter:data1\" content=\"2 minutos\" \/>\n<script type=\"application\/ld+json\" class=\"yoast-schema-graph\">{\"@context\":\"https:\\\/\\\/schema.org\",\"@graph\":[{\"@type\":\"WebPage\",\"@id\":\"https:\\\/\\\/eat-life.fundesplai.org\\\/tallers-per-a-families\\\/\",\"url\":\"https:\\\/\\\/eat-life.fundesplai.org\\\/tallers-per-a-families\\\/\",\"name\":\"Talleres para familias - EAT: LIFE\",\"isPartOf\":{\"@id\":\"https:\\\/\\\/eat-life.fundesplai.org\\\/#website\"},\"datePublished\":\"2022-03-17T11:34:28+00:00\",\"dateModified\":\"2022-12-14T16:14:17+00:00\",\"inLanguage\":\"es\",\"potentialAction\":[{\"@type\":\"ReadAction\",\"target\":[\"https:\\\/\\\/eat-life.fundesplai.org\\\/tallers-per-a-families\\\/\"]}]},{\"@type\":\"WebSite\",\"@id\":\"https:\\\/\\\/eat-life.fundesplai.org\\\/#website\",\"url\":\"https:\\\/\\\/eat-life.fundesplai.org\\\/\",\"name\":\"EAT: LIFE\",\"description\":\"Una exposici\u00f3 tem\u00e0tica sobre el futur de l&#039;alimentaci\u00f3\",\"potentialAction\":[{\"@type\":\"SearchAction\",\"target\":{\"@type\":\"EntryPoint\",\"urlTemplate\":\"https:\\\/\\\/eat-life.fundesplai.org\\\/?s={search_term_string}\"},\"query-input\":{\"@type\":\"PropertyValueSpecification\",\"valueRequired\":true,\"valueName\":\"search_term_string\"}}],\"inLanguage\":\"es\"}]}<\/script>\n<!-- \/ Yoast SEO plugin. -->","yoast_head_json":{"title":"Talleres para familias - EAT: LIFE","robots":{"index":"noindex","follow":"follow","max-snippet":"max-snippet:-1","max-image-preview":"max-image-preview:large","max-video-preview":"max-video-preview:-1"},"og_locale":"es_ES","og_type":"article","og_title":"Talleres para familias - EAT: LIFE","og_description":"Los talleres para familias est\u00e1n enfocados en disuadir la idea de que comer de manera sostenible y [&hellip;]","og_url":"https:\/\/eat-life.fundesplai.org\/tallers-per-a-families\/","og_site_name":"EAT: LIFE","article_modified_time":"2022-12-14T16:14:17+00:00","twitter_card":"summary_large_image","twitter_misc":{"Tiempo de lectura":"2 minutos"},"schema":{"@context":"https:\/\/schema.org","@graph":[{"@type":"WebPage","@id":"https:\/\/eat-life.fundesplai.org\/tallers-per-a-families\/","url":"https:\/\/eat-life.fundesplai.org\/tallers-per-a-families\/","name":"Talleres para familias - EAT: LIFE","isPartOf":{"@id":"https:\/\/eat-life.fundesplai.org\/#website"},"datePublished":"2022-03-17T11:34:28+00:00","dateModified":"2022-12-14T16:14:17+00:00","inLanguage":"es","potentialAction":[{"@type":"ReadAction","target":["https:\/\/eat-life.fundesplai.org\/tallers-per-a-families\/"]}]},{"@type":"WebSite","@id":"https:\/\/eat-life.fundesplai.org\/#website","url":"https:\/\/eat-life.fundesplai.org\/","name":"EAT: LIFE","description":"Una exposici\u00f3 tem\u00e0tica sobre el futur de l&#039;alimentaci\u00f3","potentialAction":[{"@type":"SearchAction","target":{"@type":"EntryPoint","urlTemplate":"https:\/\/eat-life.fundesplai.org\/?s={search_term_string}"},"query-input":{"@type":"PropertyValueSpecification","valueRequired":true,"valueName":"search_term_string"}}],"inLanguage":"es"}]}},"_links":{"self":[{"href":"https:\/\/eat-life.fundesplai.org\/es\/wp-json\/wp\/v2\/pages\/3582","targetHints":{"allow":["GET"]}}],"collection":[{"href":"https:\/\/eat-life.fundesplai.org\/es\/wp-json\/wp\/v2\/pages"}],"about":[{"href":"https:\/\/eat-life.fundesplai.org\/es\/wp-json\/wp\/v2\/types\/page"}],"author":[{"embeddable":true,"href":"https:\/\/eat-life.fundesplai.org\/es\/wp-json\/wp\/v2\/users\/1"}],"replies":[{"embeddable":true,"href":"https:\/\/eat-life.fundesplai.org\/es\/wp-json\/wp\/v2\/comments?post=3582"}],"version-history":[{"count":12,"href":"https:\/\/eat-life.fundesplai.org\/es\/wp-json\/wp\/v2\/pages\/3582\/revisions"}],"predecessor-version":[{"id":5879,"href":"https:\/\/eat-life.fundesplai.org\/es\/wp-json\/wp\/v2\/pages\/3582\/revisions\/5879"}],"wp:attachment":[{"href":"https:\/\/eat-life.fundesplai.org\/es\/wp-json\/wp\/v2\/media?parent=3582"}],"curies":[{"name":"wp","href":"https:\/\/api.w.org\/{rel}","templated":true}]}}