{"id":3851,"date":"2022-03-16T17:00:43","date_gmt":"2022-03-16T16:00:43","guid":{"rendered":"https:\/\/dev-eat-life.fundesplai.org\/recursos-elaborats-pel-projecte\/"},"modified":"2023-05-23T18:52:37","modified_gmt":"2023-05-23T16:52:37","slug":"recursos-educativos","status":"publish","type":"page","link":"https:\/\/eat-life.fundesplai.org\/es\/recursos-educativos\/","title":{"rendered":"Recursos educativos"},"content":{"rendered":"\n<h3 class=\"wp-block-heading has-text-align-center\">\u00a1Aprende sobre alimentaci\u00f3n saludable y sostenible con nosotros!<\/h3>\n\n\n\n<div style=\"height:33px\" aria-hidden=\"true\" class=\"wp-block-spacer\"><\/div>\n\n\n\n<p id=\"tw-target-text\">A continuaci\u00f3n, se ofrecen toda una serie de recursos sobre alimentaci\u00f3n saludable y sostenible para profesionales del mundo de la educaci\u00f3n, ni\u00f1os y j\u00f3venes. Los materiales est\u00e1n dise\u00f1ados para comprender a los m\u00e1s peque\u00f1os los retos y acciones positivas que puede tener la adopci\u00f3n de dietas sostenibles y saludables.<\/p>\n\n\n\n<div style=\"height:33px\" aria-hidden=\"true\" class=\"wp-block-spacer\"><\/div>\n\n\n\n<p id=\"tw-target-text\">Los recursos se dividen en los siguientes elementos principales:<br><br>&#8211; Un <strong>marco conceptual<\/strong> de referencia para que los profesionales del mundo de la educaci\u00f3n se familiaricen con la alimentaci\u00f3n saludable y sostenible.<br>&#8211; <strong>25 propuestas educativas<\/strong> de actividades dirigidas a ni\u00f1os y j\u00f3venes (de 3 a 18 a\u00f1os) en escuelas y centros de ocio. Todas ellas tienen en cuenta la edad, objetivos, material necesario y duraci\u00f3n aproximada.<br>&#8211; <strong>Materiales<\/strong> relacionados con la sostenibilidad alimentaria.<br>&#8211; <strong>4 programas semanales dirigidos a casales de verano<\/strong>, que incluyen una planificaci\u00f3n y propuestas de actividades, cuentos y recursos para estancias de colonias. Est\u00e1 adaptado a distintos grupos de edad.<\/p>\n\n\n\n<p><\/p>\n\n\n\n<p><\/p>\n\n\n\n<div style=\"height:100px\" aria-hidden=\"true\" class=\"wp-block-spacer\"><\/div>\n\n\n\n<div class=\"wp-block-columns is-layout-flex wp-container-core-columns-is-layout-9d6595d7 wp-block-columns-is-layout-flex\">\n<div class=\"wp-block-column is-layout-flow wp-block-column-is-layout-flow\">\n<div class=\"wp-block-cover\" style=\"min-height:436px;aspect-ratio:unset;\"><span aria-hidden=\"true\" class=\"wp-block-cover__background has-background-dim\"><\/span><img loading=\"lazy\" decoding=\"async\" width=\"1920\" height=\"1280\" class=\"wp-block-cover__image-background wp-image-8481\" alt=\"\" src=\"https:\/\/eat-life.fundesplai.org\/wp-content\/uploads\/2023\/05\/ESTIU-6.jpg\" data-object-fit=\"cover\" srcset=\"https:\/\/eat-life.fundesplai.org\/wp-content\/uploads\/2023\/05\/ESTIU-6.jpg 1920w, https:\/\/eat-life.fundesplai.org\/wp-content\/uploads\/2023\/05\/ESTIU-6-750x500.jpg 750w, https:\/\/eat-life.fundesplai.org\/wp-content\/uploads\/2023\/05\/ESTIU-6-1024x683.jpg 1024w, https:\/\/eat-life.fundesplai.org\/wp-content\/uploads\/2023\/05\/ESTIU-6-768x512.jpg 768w, https:\/\/eat-life.fundesplai.org\/wp-content\/uploads\/2023\/05\/ESTIU-6-1536x1024.jpg 1536w, https:\/\/eat-life.fundesplai.org\/wp-content\/uploads\/2023\/05\/ESTIU-6-300x200.jpg 300w, https:\/\/eat-life.fundesplai.org\/wp-content\/uploads\/2023\/05\/ESTIU-6-500x333.jpg 500w\" sizes=\"auto, (max-width: 1920px) 100vw, 1920px\" \/><div class=\"wp-block-cover__inner-container is-layout-flow wp-block-cover-is-layout-flow\">\n<p class=\"has-text-align-center has-large-font-size\"><a href=\"https:\/\/bit.ly\/42l6Aon\" target=\"_blank\" rel=\"noreferrer noopener\"><strong>Programa educativo EAT:LIFE<\/strong><br><br><\/a><img loading=\"lazy\" decoding=\"async\" width=\"70\" height=\"39\" class=\"wp-image-3477\" style=\"width: 70px;\" src=\"https:\/\/eat-life.fundesplai.org\/wp-content\/uploads\/2022\/03\/pdf_icon.svg\" alt=\"\"><\/p>\n<\/div><\/div>\n<\/div>\n<\/div>\n\n\n\n<div class=\"wp-block-columns is-layout-flex wp-container-core-columns-is-layout-9d6595d7 wp-block-columns-is-layout-flex\">\n<div class=\"wp-block-column is-layout-flow wp-block-column-is-layout-flow\">\n<div class=\"wp-block-cover is-light\"><span aria-hidden=\"true\" class=\"wp-block-cover__background has-background-dim\"><\/span><img loading=\"lazy\" decoding=\"async\" width=\"1920\" height=\"1280\" class=\"wp-block-cover__image-background wp-image-8495\" alt=\"\" src=\"https:\/\/eat-life.fundesplai.org\/wp-content\/uploads\/2023\/05\/PROGRAMES_ESCOLARS-2-2.jpg\" data-object-fit=\"cover\" srcset=\"https:\/\/eat-life.fundesplai.org\/wp-content\/uploads\/2023\/05\/PROGRAMES_ESCOLARS-2-2.jpg 1920w, https:\/\/eat-life.fundesplai.org\/wp-content\/uploads\/2023\/05\/PROGRAMES_ESCOLARS-2-2-750x500.jpg 750w, https:\/\/eat-life.fundesplai.org\/wp-content\/uploads\/2023\/05\/PROGRAMES_ESCOLARS-2-2-1024x683.jpg 1024w, https:\/\/eat-life.fundesplai.org\/wp-content\/uploads\/2023\/05\/PROGRAMES_ESCOLARS-2-2-768x512.jpg 768w, https:\/\/eat-life.fundesplai.org\/wp-content\/uploads\/2023\/05\/PROGRAMES_ESCOLARS-2-2-1536x1024.jpg 1536w, https:\/\/eat-life.fundesplai.org\/wp-content\/uploads\/2023\/05\/PROGRAMES_ESCOLARS-2-2-300x200.jpg 300w, https:\/\/eat-life.fundesplai.org\/wp-content\/uploads\/2023\/05\/PROGRAMES_ESCOLARS-2-2-500x333.jpg 500w\" sizes=\"auto, (max-width: 1920px) 100vw, 1920px\" \/><div class=\"wp-block-cover__inner-container is-layout-flow wp-block-cover-is-layout-flow\">\n<p class=\"has-text-align-center has-large-font-size\"><a href=\"https:\/\/eat-life.fundesplai.org\/wp-content\/uploads\/2023\/05\/TempsEducatiuMigdia-part-1-1.pdf\" target=\"_blank\" rel=\"noreferrer noopener\"><strong>Buenas pr\u00e1cticas en los comedores &#8211; PARTE 1<\/strong><\/a><\/p>\n<\/div><\/div>\n<\/div>\n\n\n\n<div class=\"wp-block-column is-layout-flow wp-block-column-is-layout-flow\">\n<div class=\"wp-block-cover is-light\"><span aria-hidden=\"true\" class=\"wp-block-cover__background has-background-dim\"><\/span><img loading=\"lazy\" decoding=\"async\" width=\"1920\" height=\"1280\" class=\"wp-block-cover__image-background wp-image-8498\" alt=\"\" src=\"https:\/\/eat-life.fundesplai.org\/wp-content\/uploads\/2023\/05\/PROGRAMES_ESCOLARS.jpg\" data-object-fit=\"cover\" srcset=\"https:\/\/eat-life.fundesplai.org\/wp-content\/uploads\/2023\/05\/PROGRAMES_ESCOLARS.jpg 1920w, https:\/\/eat-life.fundesplai.org\/wp-content\/uploads\/2023\/05\/PROGRAMES_ESCOLARS-750x500.jpg 750w, https:\/\/eat-life.fundesplai.org\/wp-content\/uploads\/2023\/05\/PROGRAMES_ESCOLARS-1024x683.jpg 1024w, https:\/\/eat-life.fundesplai.org\/wp-content\/uploads\/2023\/05\/PROGRAMES_ESCOLARS-768x512.jpg 768w, https:\/\/eat-life.fundesplai.org\/wp-content\/uploads\/2023\/05\/PROGRAMES_ESCOLARS-1536x1024.jpg 1536w, https:\/\/eat-life.fundesplai.org\/wp-content\/uploads\/2023\/05\/PROGRAMES_ESCOLARS-300x200.jpg 300w, https:\/\/eat-life.fundesplai.org\/wp-content\/uploads\/2023\/05\/PROGRAMES_ESCOLARS-500x333.jpg 500w\" sizes=\"auto, (max-width: 1920px) 100vw, 1920px\" \/><div class=\"wp-block-cover__inner-container is-layout-flow wp-block-cover-is-layout-flow\">\n<p class=\"has-text-align-center has-large-font-size\"><a href=\"https:\/\/eat-life.fundesplai.org\/wp-content\/uploads\/2023\/05\/TempsEducatiuMigdia-part-2.pdf\" target=\"_blank\" rel=\"noreferrer noopener\"><strong>Buenas pr\u00e1cticas en los comedores &#8211; PARTE 2<\/strong><\/a><\/p>\n<\/div><\/div>\n<\/div>\n<\/div>\n\n\n\n<div class=\"wp-block-columns is-layout-flex wp-container-core-columns-is-layout-9d6595d7 wp-block-columns-is-layout-flex\">\n<div class=\"wp-block-column is-layout-flow wp-block-column-is-layout-flow\" style=\"flex-basis:100%\">\n<div class=\"wp-block-columns is-layout-flex wp-container-core-columns-is-layout-9d6595d7 wp-block-columns-is-layout-flex\">\n<div class=\"wp-block-column is-layout-flow wp-block-column-is-layout-flow\">\n<div class=\"wp-block-cover is-light\" style=\"min-height:430px;aspect-ratio:unset;\"><span aria-hidden=\"true\" class=\"wp-block-cover__background has-background-dim\"><\/span><img loading=\"lazy\" decoding=\"async\" width=\"400\" height=\"400\" class=\"wp-block-cover__image-background wp-image-4365\" alt=\"\" src=\"https:\/\/eat-life.fundesplai.org\/wp-content\/uploads\/2022\/05\/boca_menja_actua.png\" data-object-fit=\"cover\" srcset=\"https:\/\/eat-life.fundesplai.org\/wp-content\/uploads\/2022\/05\/boca_menja_actua.png 400w, https:\/\/eat-life.fundesplai.org\/wp-content\/uploads\/2022\/05\/boca_menja_actua-150x150.png 150w, https:\/\/eat-life.fundesplai.org\/wp-content\/uploads\/2022\/05\/boca_menja_actua-300x300.png 300w, https:\/\/eat-life.fundesplai.org\/wp-content\/uploads\/2022\/05\/boca_menja_actua-200x200.png 200w\" sizes=\"auto, (max-width: 400px) 100vw, 400px\" \/><div class=\"wp-block-cover__inner-container is-layout-flow wp-block-cover-is-layout-flow\">\n<h3 class=\"wp-block-heading has-text-align-center\"><a href=\"https:\/\/menjaactuaimpacta.org\/\" target=\"_blank\" rel=\"noreferrer noopener\"><strong>Menja, Actua, Impacta<\/strong><\/a><\/h3>\n<\/div><\/div>\n<\/div>\n<\/div>\n<\/div>\n<\/div>\n\n\n\n<h3 class=\"wp-block-heading has-text-align-center\">Otros recursos<\/h3>\n\n\n\n<div style=\"height:30px\" aria-hidden=\"true\" class=\"wp-block-spacer\"><\/div>\n\n\n  \n\n<a class=\"accordion-pmf\">Webs<\/a>\n<div class=\"panel-pmf\"><ul>\n<li>AGENDA 2030 I OBJECTIUS DESENVOLUPAMENT SOSTENIBLE (ODS). Departament de Medi Ambient:\u00a0<a href=\"http:\/\/mediambient.gencat.cat\/ca\/05_ambits_dactuacio\/educacio_i_sostenibilitat\/desenvolupament_sostenible\/agenda-2030-ods\/\">http:\/\/mediambient.gencat.cat\/ca\/05_ambits_dactuacio\/educacio_i_sostenibilitat\/desenvolupament_sostenible\/agenda-2030-ods\/<\/a><\/li>\n<li>AJUNTAMENT DE BARCELONA: Barcelona Capital Mundial de l\u2019Alimentaci\u00f3 Sostenible 2021<strong>.\u00a0<\/strong><a href=\"https:\/\/alimentaciosostenible.barcelona\/\">https:\/\/alimentaciosostenible.barcelona\/<\/a><\/li>\n<li>ASSOCIACI\u00d3 JUST\u00cdCIA ALIMENT\u00c0RIA:\u00a0<a href=\"https:\/\/justiciaalimentaria.org\/\">https:\/\/justiciaalimentaria.org<\/a><\/li>\n<li>C\u00c0TEDRA D\u2019AGROECOLOGIA I SISTEMES ALIMENTARIS. Universitat de Vic.\u00a0<a href=\"https:\/\/mon.uvic.cat\/catedra-agroecologia\/es\/\">https:\/\/mon.uvic.cat\/catedra-agroecologia\/es\/<\/a><\/li>\n<li>CENTRE PROMOTOR D\u2019APRENENTATGE SERVEI:\u00a0<a href=\"https:\/\/aprenentatgeservei.cat\/\">https:\/\/aprenentatgeservei.cat\/<\/a><\/li>\n<li>DEPARTAMENT DE SALUT. Programes d\u2019educaci\u00f3 i salut.\u00a0<a href=\"https:\/\/salutweb.gencat.cat\/ca\/ambits_actuacio\/per_perfils\/centres_educatius\/\">https:\/\/salutweb.gencat.cat\/ca\/ambits_actuacio\/per_perfils\/centres_educatius\/<\/a><\/li>\n<li>FUNDACI\u00d3N AL\u00cdCIA: <a href=\"https:\/\/www.alicia.cat\/ca\/\">https:\/\/www.alicia.cat\/ca\/<\/a><\/li>\n<li>FUNDACI\u00d3N CRAM. Centre de protecci\u00f3 de la biodiversitat marina: <a href=\"https:\/\/cram.org\/fundacion-cram\/\">https:\/\/cram.org\/fundacion-cram\/<\/a><\/li>\n<li>FUNDACI\u00d3N BANC DELS ALIMENTS: <a href=\"https:\/\/www.bancdelsaliments.org\/es\/\">https:\/\/www.bancdelsaliments.org\/es\/<\/a><\/li>\n<li>FUNDACI\u00d3N ESPIGOLADORS: <a href=\"https:\/\/espigoladors.cat\/\">https:\/\/espigoladors.cat\/<\/a><\/li>\n<li>FUNDACI\u00d3N GASOL: \u00a0<a href=\"https:\/\/www.gasolfoundation.org\/es\/\">https:\/\/www.gasolfoundation.org\/es\/<\/a><\/li>\n<li>ORGANIZACI\u00d3N GREENPEACE: <a href=\"https:\/\/es.greenpeace.org\/\">https:\/\/es.greenpeace.org\/<\/a><\/li>\n<li>ORGANIZACI\u00d3N MUNDIAL DE LA SALUT: <a href=\"https:\/\/www.who.int\/es\">https:\/\/www.who.int\/es<\/a><\/li>\n<li>ORGANIZACIONES PARA LA JUSTICIA GLOBAL(LAFEDECAT):<a href=\"http:\/\/www.lafede.cat\/\">http:\/\/www.lafede.cat\/<\/a><\/li>\n<li>MOVIMIENTO MUNDIAL DE LOS DERECHOS HUMANOS:\u00a0<a href=\"https:\/\/www.fidh.org\/es\/quienes-somos\/Que-es-la-FIDH\/\">https:\/\/www.fidh.org\/es\/quienes-somos\/Que-es-la-FIDH\/<\/a><\/li>\n<li>NACIONS UNIDES:\u00a0<a href=\"https:\/\/www.un.org\/es\/global-issues\/health\">https:\/\/www.un.org\/es\/global-issues\/health<\/a><\/li>\n<li>ORGANITZACI\u00d3 DE LES NACIONS UNIDES PER A L\u2019ALIMENTACI\u00d3 I L\u2019AGRICULTURA:\u00a0<a href=\"http:\/\/www.fao.org\/home\/es\/\">http:\/\/www.fao.org\/home\/es\/<\/a><\/li>\n<li>REVISTA SOBIRANIA ALIMENT\u00c0RIA\u00a0<a href=\"https:\/\/www.soberaniaalimentaria.info\/\">https:\/\/www.soberaniaalimentaria.info\/<\/a><\/li>\n<li>UNESCO:\u00a0<a href=\"https:\/\/es.unesco.org\/themes\/educacion-salud\/accion\">https:\/\/es.unesco.org\/themes\/educacion-salud\/accion<\/a><\/li>\n<li>UNICEF:\u00a0<u><\/u><a href=\"https:\/\/www.unicef.org\/es\/salud\">https:\/\/www.unicef.org\/es\/salud<\/a><\/li>\n<\/ul>\n<\/div>\n  \n\n\n  \n\n<a class=\"accordion-pmf\">Informes y gu\u00edas de otras entidades<\/a>\n<div class=\"panel-pmf\"><ul>\n<li>MENJAR CANVIA EL M\u00d3N. Programa pedag\u00f3gico de Fundesplai, con numerosas actividades y recursos educativos por una alimentaci\u00f3n saludable y sostenible. <a href=\"https:\/\/projectes.fundesplai.org\/mcm\/\">https:\/\/projectes.fundesplai.org\/mcm\/<\/a><\/li>\n<li>ALIMENTACCI\u00d3. Programa liderado por Justicia Alimentaria y Hegoa. Encontrar\u00e9is numerosos recursos educativos en l\u00ednea dirigidos a los ni\u00f1os, j\u00f3venes, familias y equipos educativos. <a href=\"https:\/\/redalimentaccion.org\/es\">https:\/\/redalimentaccion.org\/es<\/a><\/li>\n<li>ALIMENTACI\u00d3N, PLANETA, SALUD: Dietas saludables a partir de sistemas alimentarios sostenibles. Comisi\u00f3n EAT-Lancet, 2019. Aquest informe \u00e9s el primer intent d\u2019establir objectius cient\u00edfics universals per al sistema alimentari aplicables a totes les persones i al planeta segons dos par\u00e0metres del sistema alimentari mundial: el consum final (dietes saludables) i la producci\u00f3 (producci\u00f3 sostenible d\u2019aliments).\u00a0<a href=\"https:\/\/eatforum.org\/content\/uploads\/2019\/01\/Report_Summary_Spanish-1.pdf\">https:\/\/eatforum.org\/content\/uploads\/2019\/01\/Report_Summary_Spanish-1.pdf<\/a><\/li>\n<li>CALENDARI DE PRODUCTES DE TEMPORADA. Hi trobareu el calendari de temporada de fruites, hortalisses i pesca. Generalitat de Catalunya.\u00a0<a href=\"http:\/\/agricultura.gencat.cat\/web\/.content\/04-alimentacio\/cadena-alimentaria\/codi-bones-practiques-comercials\/documents\/fitxers-binaris\/calendari-productes-temporada.pdf\">http:\/\/agricultura.gencat.cat\/web\/.content\/04-alimentacio\/cadena-alimentaria\/codi-bones-practiques-comercials\/documents\/fitxers-binaris\/calendari-productes-temporada.pdf<\/a><\/li>\n<li>FESTES DIVERTIDES I SALUDABLES. Consells i receptes per a les festes infantils. Canal Salut Generalitat:\u00a0<a href=\"https:\/\/canalsalut.gencat.cat\/ca\/vida-saludable\/alimentacio\/receptes_saludables\/festes-infantils\/\">https:\/\/canalsalut.gencat.cat\/ca\/vida-saludable\/alimentacio\/receptes_saludables\/festes-infantils\/<\/a><\/li>\n<li>GUIA HABITAT. Una guia d\u2019activitats molt pr\u00e0ctica per a l\u2019educaci\u00f3 ambiental:\u00a0<a href=\"http:\/\/habitat.escolesxesc.cat\/\">http:\/\/habitat.escolesxesc.cat\/<\/a><\/li>\n<li>GUIA SIN MALA ESPINA. Una guia per a con\u00e8ixer el problema de la sobreexplotaci\u00f3 dels productes del mar.\u00a0<a href=\"https:\/\/www.ecologistasenaccion.org\/18886\/guia-sin-mala-espina\/\">https:\/\/www.ecologistasenaccion.org\/18886\/guia-sin-mala-espina\/<\/a><\/li>\n<li>GUIA APRENENTATGE SERVEI PER A UNA ALIMENTACI\u00d3, SANA, JUSTA I SOSTENIBLE. CENTRE PROMOTOR D\u2019APRENENTATGE SERVEI:\u00a0<a href=\"https:\/\/aprenentatgeservei.cat\/wp-content\/uploads\/guies\/Aprenentatge-Servei-per-a-una-alimentacio%CC%81-sana.pdf\">https:\/\/aprenentatgeservei.cat\/wp-content\/uploads\/guies\/Aprenentatge-Servei-per-a-una-alimentacio%CC%81-sana.pdf<\/a><\/li>\n<li>JUGUEM A L\u2019HORT. Fant\u00e0stica guia de jocs per a treballar l\u2019educaci\u00f3 ambiental als horts escolars d\u2019Educaci\u00f3 Infantil i Prim\u00e0ria. Sara Busc\u00e0.\u00a0<a href=\"https:\/\/esplai.fundesplai.org\/recurs\/guia-juguem-a-lhort\/\">https:\/\/esplai.fundesplai.org\/recurs\/guia-juguem-a-lhort\/<\/a><\/li>\n<li>KAIDARA, recursos educatius per a una ciutadania global. Oxfam Interm\u00f3n: \u00a0<a href=\"http:\/\/www.kaidara.org\/\">http:\/\/www.kaidara.org<\/a><\/li>\n<li>MALETA L\u00daDICA AGRO-JOCS. Hi trobareu un munt d\u2019activitats i jocs. Impulsa Agroviva, la plataforma web creada per La Uni\u00f3 de Llauradors i Ramaders de Val\u00e8ncia:\u00a0<a href=\"https:\/\/agroviva.chil.me\/post\/maleta-ludica-agro-jocs--242382?l=CA\">https:\/\/agroviva.chil.me\/post\/maleta-ludica-agro-jocs\u2013242382?l=CA<\/a><\/li>\n<li>PETITS CANVIS PER MENJAR MILLOR. Ag\u00e8ncia de Salut P\u00fablica de Catalunya. Guia de refer\u00e8ncia sobre alimentaci\u00f3 saludable:\u00a0<a href=\"https:\/\/canalsalut.gencat.cat\/ca\/vida-saludable\/alimentacio\/petits-canvis-per-menjar-millor\/\">https:\/\/canalsalut.gencat.cat\/ca\/vida-saludable\/alimentacio\/petits-canvis-per-menjar-millor\/<\/a><\/li>\n<li>PIR\u00c0MIDE DE L\u2019ALIMENTACI\u00d3 SALUDABLE. inclou el plat saludable. Ag\u00e8ncia de Salut P\u00fablica de Catalunya:\u00a0<a href=\"https:\/\/salutpublica.gencat.cat\/ca\/ambits\/promocio_salut\/alimentacio_saludable\/la-piramide-de-lalimentacio-saludable\">https:\/\/salutpublica.gencat.cat\/ca\/ambits\/promocio_salut\/alimentacio_saludable\/la-piramide-de-lalimentacio-saludable<\/a><\/li>\n<li>RECEPTES SALUDABLES. Cercador de receptes. Canal Salut Generalitat.\u00a0 \u00a0<a href=\"https:\/\/canalsalut.gencat.cat\/ca\/vida-saludable\/alimentacio\/receptes_saludables\/\">https:\/\/canalsalut.gencat.cat\/ca\/vida-saludable\/alimentacio\/receptes_saludables\/<\/a><\/li>\n<li>MATERIAL EDUCATIU I RECURSOS VARIS SOBRE L\u2019HORT, AGROECOLOGIA I ALIMENTACI\u00d3. Generalitat Catalunya:\u00a0<a href=\"http:\/\/pae.gencat.cat\/ca\/publicacions-materials-referencia\/material-educatiu\/#FW_bloc_054dc499-c4a4-11e3-8540-000c296817af_9\">http:\/\/pae.gencat.cat\/ca\/publicacions-materials-referencia\/material-educatiu\/#FW_bloc_054dc499-c4a4-11e3-8540-000c296817af_9<\/a><\/li>\n<li>UNESCO (2020). EDUCACI\u00d3N PARA EL DESARROLLO SOSTENIBLE. HOJA DE RUTA. Manual de fonamentaci\u00f3:\u00a0<a href=\"https:\/\/unesdoc.unesco.org\/ark:\/48223\/pf0000230514\">https:\/\/unesdoc.unesco.org\/ark:\/48223\/pf0000230514<\/a><\/li>\n<li>VIAJE AL CENTRO DE LA ALIMENTACI\u00d3N QUE NOS ENFERMA. informe \u201cDame veneno\u201d. \u2022 vsF Justicia alimentaria global.\u00a0<a href=\"https:\/\/justiciaalimentaria.org\/dame-veneno\">https:\/\/justiciaalimentaria.org\/dame-veneno<\/a><\/li>\n<\/ul>\n<\/div>\n  \n\n\n  \n\n<a class=\"accordion-pmf\">Otros recursos did\u00e1cticos<\/a>\n<div class=\"panel-pmf\"><ul>\n<li><a href=\"https:\/\/redalimentaccion.org\/es\/recursos\/proposta-did%C3%A0ctica-treballar-la-sobal-en-formaci%C3%B3-professional\">Propuesta did\u00e1ctica para trabajar la Soberan\u00eda Alimentaria en la Formaci\u00f3n Profesional-<\/a><!-- \/wp:paragraph --> La propuesta did\u00e1ctica nos ofrece cinco m\u00f3dulos para trabajar las tem\u00e1ticas clave para transversalizar la soberan\u00eda alimentaria en los estudios de Formaci\u00f3n Profesional. Encontrar\u00e1 los siguientes contenidos: M\u00f3dulo 1. Agroecolog\u00eda vs. Agroindustria M\u00f3dulo 2. La transici\u00f3n alimentaria M\u00f3dulo 3. La publicidad y los alimentos M\u00f3dulo 4. La Dieta Planetaria M\u00f3dulo 5. Mujeres y soberan\u00eda alimentaria Desarrollada por:\u00a0Justicia Alimentaria. <a href=\"https:\/\/redalimentaccion.org\/es\/desarrollado-por\/justicia-alimentaria\"><strong>\u00a0<\/strong><\/a><a href=\"https:\/\/redalimentaccion.org\/sites\/default\/files\/Unitat%20Dida%CC%80ctica_LlaurantiCuinant%20A5_impressio%CC%81.pdf\">https:\/\/redalimentaccion.org\/sites\/default\/files\/Unitat%20Dida%CC%80ctica_LlaurantiCuinant%20A5_impressio%CC%81.pd<\/a><\/li>\n<\/ul>\n<\/div>\n  \n","protected":false},"excerpt":{"rendered":"<p>\u00a1Aprende sobre alimentaci\u00f3n saludable y sostenible con nosotros! A continuaci\u00f3n, se ofrecen toda una serie de recursos [&hellip;]<\/p>\n","protected":false},"author":1,"featured_media":0,"parent":0,"menu_order":0,"comment_status":"closed","ping_status":"closed","template":"template\/full-width.php","meta":{"inline_featured_image":false,"footnotes":""},"class_list":["post-3851","page","type-page","status-publish","hentry"],"yoast_head":"<!-- This site is optimized with the Yoast SEO plugin v27.4 - https:\/\/yoast.com\/product\/yoast-seo-wordpress\/ -->\n<title>Recursos educativos - EAT: LIFE<\/title>\n<meta name=\"robots\" content=\"noindex, follow, max-snippet:-1, max-image-preview:large, max-video-preview:-1\" \/>\n<meta property=\"og:locale\" content=\"es_ES\" \/>\n<meta property=\"og:type\" content=\"article\" \/>\n<meta property=\"og:title\" content=\"Recursos educativos - EAT: LIFE\" \/>\n<meta property=\"og:description\" content=\"\u00a1Aprende sobre alimentaci\u00f3n saludable y sostenible con nosotros! A continuaci\u00f3n, se ofrecen toda una serie de recursos [&hellip;]\" \/>\n<meta property=\"og:url\" content=\"https:\/\/eat-life.fundesplai.org\/recursos-educatius\/\" \/>\n<meta property=\"og:site_name\" content=\"EAT: LIFE\" \/>\n<meta property=\"article:modified_time\" content=\"2023-05-23T16:52:37+00:00\" \/>\n<meta property=\"og:image\" content=\"https:\/\/eat-life.fundesplai.org\/wp-content\/uploads\/2023\/05\/ESTIU-6.jpg\" \/>\n<meta name=\"twitter:card\" content=\"summary_large_image\" \/>\n<meta name=\"twitter:label1\" content=\"Tiempo de lectura\" \/>\n\t<meta name=\"twitter:data1\" content=\"2 minutos\" \/>\n<script type=\"application\/ld+json\" class=\"yoast-schema-graph\">{\"@context\":\"https:\\\/\\\/schema.org\",\"@graph\":[{\"@type\":\"WebPage\",\"@id\":\"https:\\\/\\\/eat-life.fundesplai.org\\\/recursos-educatius\\\/\",\"url\":\"https:\\\/\\\/eat-life.fundesplai.org\\\/recursos-educatius\\\/\",\"name\":\"Recursos educativos - EAT: LIFE\",\"isPartOf\":{\"@id\":\"https:\\\/\\\/eat-life.fundesplai.org\\\/#website\"},\"primaryImageOfPage\":{\"@id\":\"https:\\\/\\\/eat-life.fundesplai.org\\\/recursos-educatius\\\/#primaryimage\"},\"image\":{\"@id\":\"https:\\\/\\\/eat-life.fundesplai.org\\\/recursos-educatius\\\/#primaryimage\"},\"thumbnailUrl\":\"https:\\\/\\\/eat-life.fundesplai.org\\\/wp-content\\\/uploads\\\/2023\\\/05\\\/ESTIU-6.jpg\",\"datePublished\":\"2022-03-16T16:00:43+00:00\",\"dateModified\":\"2023-05-23T16:52:37+00:00\",\"inLanguage\":\"es\",\"potentialAction\":[{\"@type\":\"ReadAction\",\"target\":[\"https:\\\/\\\/eat-life.fundesplai.org\\\/recursos-educatius\\\/\"]}]},{\"@type\":\"ImageObject\",\"inLanguage\":\"es\",\"@id\":\"https:\\\/\\\/eat-life.fundesplai.org\\\/recursos-educatius\\\/#primaryimage\",\"url\":\"https:\\\/\\\/eat-life.fundesplai.org\\\/wp-content\\\/uploads\\\/2023\\\/05\\\/ESTIU-6.jpg\",\"contentUrl\":\"https:\\\/\\\/eat-life.fundesplai.org\\\/wp-content\\\/uploads\\\/2023\\\/05\\\/ESTIU-6.jpg\"},{\"@type\":\"WebSite\",\"@id\":\"https:\\\/\\\/eat-life.fundesplai.org\\\/#website\",\"url\":\"https:\\\/\\\/eat-life.fundesplai.org\\\/\",\"name\":\"EAT: LIFE\",\"description\":\"Una exposici\u00f3 tem\u00e0tica sobre el futur de l&#039;alimentaci\u00f3\",\"potentialAction\":[{\"@type\":\"SearchAction\",\"target\":{\"@type\":\"EntryPoint\",\"urlTemplate\":\"https:\\\/\\\/eat-life.fundesplai.org\\\/?s={search_term_string}\"},\"query-input\":{\"@type\":\"PropertyValueSpecification\",\"valueRequired\":true,\"valueName\":\"search_term_string\"}}],\"inLanguage\":\"es\"}]}<\/script>\n<!-- \/ Yoast SEO plugin. -->","yoast_head_json":{"title":"Recursos educativos - EAT: LIFE","robots":{"index":"noindex","follow":"follow","max-snippet":"max-snippet:-1","max-image-preview":"max-image-preview:large","max-video-preview":"max-video-preview:-1"},"og_locale":"es_ES","og_type":"article","og_title":"Recursos educativos - EAT: LIFE","og_description":"\u00a1Aprende sobre alimentaci\u00f3n saludable y sostenible con nosotros! A continuaci\u00f3n, se ofrecen toda una serie de recursos [&hellip;]","og_url":"https:\/\/eat-life.fundesplai.org\/recursos-educatius\/","og_site_name":"EAT: LIFE","article_modified_time":"2023-05-23T16:52:37+00:00","og_image":[{"url":"https:\/\/eat-life.fundesplai.org\/wp-content\/uploads\/2023\/05\/ESTIU-6.jpg","type":"","width":"","height":""}],"twitter_card":"summary_large_image","twitter_misc":{"Tiempo de lectura":"2 minutos"},"schema":{"@context":"https:\/\/schema.org","@graph":[{"@type":"WebPage","@id":"https:\/\/eat-life.fundesplai.org\/recursos-educatius\/","url":"https:\/\/eat-life.fundesplai.org\/recursos-educatius\/","name":"Recursos educativos - EAT: LIFE","isPartOf":{"@id":"https:\/\/eat-life.fundesplai.org\/#website"},"primaryImageOfPage":{"@id":"https:\/\/eat-life.fundesplai.org\/recursos-educatius\/#primaryimage"},"image":{"@id":"https:\/\/eat-life.fundesplai.org\/recursos-educatius\/#primaryimage"},"thumbnailUrl":"https:\/\/eat-life.fundesplai.org\/wp-content\/uploads\/2023\/05\/ESTIU-6.jpg","datePublished":"2022-03-16T16:00:43+00:00","dateModified":"2023-05-23T16:52:37+00:00","inLanguage":"es","potentialAction":[{"@type":"ReadAction","target":["https:\/\/eat-life.fundesplai.org\/recursos-educatius\/"]}]},{"@type":"ImageObject","inLanguage":"es","@id":"https:\/\/eat-life.fundesplai.org\/recursos-educatius\/#primaryimage","url":"https:\/\/eat-life.fundesplai.org\/wp-content\/uploads\/2023\/05\/ESTIU-6.jpg","contentUrl":"https:\/\/eat-life.fundesplai.org\/wp-content\/uploads\/2023\/05\/ESTIU-6.jpg"},{"@type":"WebSite","@id":"https:\/\/eat-life.fundesplai.org\/#website","url":"https:\/\/eat-life.fundesplai.org\/","name":"EAT: LIFE","description":"Una exposici\u00f3 tem\u00e0tica sobre el futur de l&#039;alimentaci\u00f3","potentialAction":[{"@type":"SearchAction","target":{"@type":"EntryPoint","urlTemplate":"https:\/\/eat-life.fundesplai.org\/?s={search_term_string}"},"query-input":{"@type":"PropertyValueSpecification","valueRequired":true,"valueName":"search_term_string"}}],"inLanguage":"es"}]}},"_links":{"self":[{"href":"https:\/\/eat-life.fundesplai.org\/es\/wp-json\/wp\/v2\/pages\/3851","targetHints":{"allow":["GET"]}}],"collection":[{"href":"https:\/\/eat-life.fundesplai.org\/es\/wp-json\/wp\/v2\/pages"}],"about":[{"href":"https:\/\/eat-life.fundesplai.org\/es\/wp-json\/wp\/v2\/types\/page"}],"author":[{"embeddable":true,"href":"https:\/\/eat-life.fundesplai.org\/es\/wp-json\/wp\/v2\/users\/1"}],"replies":[{"embeddable":true,"href":"https:\/\/eat-life.fundesplai.org\/es\/wp-json\/wp\/v2\/comments?post=3851"}],"version-history":[{"count":28,"href":"https:\/\/eat-life.fundesplai.org\/es\/wp-json\/wp\/v2\/pages\/3851\/revisions"}],"predecessor-version":[{"id":8510,"href":"https:\/\/eat-life.fundesplai.org\/es\/wp-json\/wp\/v2\/pages\/3851\/revisions\/8510"}],"wp:attachment":[{"href":"https:\/\/eat-life.fundesplai.org\/es\/wp-json\/wp\/v2\/media?parent=3851"}],"curies":[{"name":"wp","href":"https:\/\/api.w.org\/{rel}","templated":true}]}}