{"id":5806,"date":"2022-09-30T14:12:44","date_gmt":"2022-09-30T12:12:44","guid":{"rendered":"https:\/\/eat-life.fundesplai.org\/impacte\/"},"modified":"2022-12-13T14:38:53","modified_gmt":"2022-12-13T13:38:53","slug":"impacto","status":"publish","type":"page","link":"https:\/\/eat-life.fundesplai.org\/es\/quiz\/impacto\/","title":{"rendered":"Impacto"},"content":{"rendered":"","protected":false},"excerpt":{"rendered":"","protected":false},"author":12,"featured_media":0,"parent":5808,"menu_order":0,"comment_status":"closed","ping_status":"closed","template":"template\/quiz.php","meta":{"inline_featured_image":false,"footnotes":""},"class_list":["post-5806","page","type-page","status-publish","hentry"],"yoast_head":"<!-- This site is optimized with the Yoast SEO plugin v27.4 - https:\/\/yoast.com\/product\/yoast-seo-wordpress\/ -->\n<title>Impacto - EAT: LIFE<\/title>\n<meta name=\"robots\" content=\"noindex, follow, max-snippet:-1, max-image-preview:large, max-video-preview:-1\" \/>\n<meta property=\"og:locale\" content=\"es_ES\" \/>\n<meta property=\"og:type\" content=\"article\" \/>\n<meta property=\"og:title\" content=\"Impacto - EAT: LIFE\" \/>\n<meta property=\"og:url\" content=\"https:\/\/eat-life.fundesplai.org\/es\/quiz\/impacto\/\" \/>\n<meta property=\"og:site_name\" content=\"EAT: LIFE\" \/>\n<meta property=\"article:modified_time\" content=\"2022-12-13T13:38:53+00:00\" \/>\n<meta name=\"twitter:card\" content=\"summary_large_image\" \/>\n<script type=\"application\/ld+json\" class=\"yoast-schema-graph\">{\"@context\":\"https:\\\/\\\/schema.org\",\"@graph\":[{\"@type\":\"WebPage\",\"@id\":\"https:\\\/\\\/eat-life.fundesplai.org\\\/es\\\/quiz\\\/impacto\\\/\",\"url\":\"https:\\\/\\\/eat-life.fundesplai.org\\\/es\\\/quiz\\\/impacto\\\/\",\"name\":\"Impacto - EAT: LIFE\",\"isPartOf\":{\"@id\":\"https:\\\/\\\/eat-life.fundesplai.org\\\/#website\"},\"datePublished\":\"2022-09-30T12:12:44+00:00\",\"dateModified\":\"2022-12-13T13:38:53+00:00\",\"breadcrumb\":{\"@id\":\"https:\\\/\\\/eat-life.fundesplai.org\\\/es\\\/quiz\\\/impacto\\\/#breadcrumb\"},\"inLanguage\":\"es\",\"potentialAction\":[{\"@type\":\"ReadAction\",\"target\":[\"https:\\\/\\\/eat-life.fundesplai.org\\\/es\\\/quiz\\\/impacto\\\/\"]}]},{\"@type\":\"BreadcrumbList\",\"@id\":\"https:\\\/\\\/eat-life.fundesplai.org\\\/es\\\/quiz\\\/impacto\\\/#breadcrumb\",\"itemListElement\":[{\"@type\":\"ListItem\",\"position\":1,\"name\":\"quiz\",\"item\":\"https:\\\/\\\/eat-life.fundesplai.org\\\/es\\\/quiz\\\/\"},{\"@type\":\"ListItem\",\"position\":2,\"name\":\"Impacto\"}]},{\"@type\":\"WebSite\",\"@id\":\"https:\\\/\\\/eat-life.fundesplai.org\\\/#website\",\"url\":\"https:\\\/\\\/eat-life.fundesplai.org\\\/\",\"name\":\"EAT: LIFE\",\"description\":\"Una exposici\u00f3 tem\u00e0tica sobre el futur de l&#039;alimentaci\u00f3\",\"potentialAction\":[{\"@type\":\"SearchAction\",\"target\":{\"@type\":\"EntryPoint\",\"urlTemplate\":\"https:\\\/\\\/eat-life.fundesplai.org\\\/?s={search_term_string}\"},\"query-input\":{\"@type\":\"PropertyValueSpecification\",\"valueRequired\":true,\"valueName\":\"search_term_string\"}}],\"inLanguage\":\"es\"}]}<\/script>\n<!-- \/ Yoast SEO plugin. -->","yoast_head_json":{"title":"Impacto - EAT: LIFE","robots":{"index":"noindex","follow":"follow","max-snippet":"max-snippet:-1","max-image-preview":"max-image-preview:large","max-video-preview":"max-video-preview:-1"},"og_locale":"es_ES","og_type":"article","og_title":"Impacto - EAT: LIFE","og_url":"https:\/\/eat-life.fundesplai.org\/es\/quiz\/impacto\/","og_site_name":"EAT: LIFE","article_modified_time":"2022-12-13T13:38:53+00:00","twitter_card":"summary_large_image","schema":{"@context":"https:\/\/schema.org","@graph":[{"@type":"WebPage","@id":"https:\/\/eat-life.fundesplai.org\/es\/quiz\/impacto\/","url":"https:\/\/eat-life.fundesplai.org\/es\/quiz\/impacto\/","name":"Impacto - EAT: LIFE","isPartOf":{"@id":"https:\/\/eat-life.fundesplai.org\/#website"},"datePublished":"2022-09-30T12:12:44+00:00","dateModified":"2022-12-13T13:38:53+00:00","breadcrumb":{"@id":"https:\/\/eat-life.fundesplai.org\/es\/quiz\/impacto\/#breadcrumb"},"inLanguage":"es","potentialAction":[{"@type":"ReadAction","target":["https:\/\/eat-life.fundesplai.org\/es\/quiz\/impacto\/"]}]},{"@type":"BreadcrumbList","@id":"https:\/\/eat-life.fundesplai.org\/es\/quiz\/impacto\/#breadcrumb","itemListElement":[{"@type":"ListItem","position":1,"name":"quiz","item":"https:\/\/eat-life.fundesplai.org\/es\/quiz\/"},{"@type":"ListItem","position":2,"name":"Impacto"}]},{"@type":"WebSite","@id":"https:\/\/eat-life.fundesplai.org\/#website","url":"https:\/\/eat-life.fundesplai.org\/","name":"EAT: LIFE","description":"Una exposici\u00f3 tem\u00e0tica sobre el futur de l&#039;alimentaci\u00f3","potentialAction":[{"@type":"SearchAction","target":{"@type":"EntryPoint","urlTemplate":"https:\/\/eat-life.fundesplai.org\/?s={search_term_string}"},"query-input":{"@type":"PropertyValueSpecification","valueRequired":true,"valueName":"search_term_string"}}],"inLanguage":"es"}]}},"_links":{"self":[{"href":"https:\/\/eat-life.fundesplai.org\/es\/wp-json\/wp\/v2\/pages\/5806","targetHints":{"allow":["GET"]}}],"collection":[{"href":"https:\/\/eat-life.fundesplai.org\/es\/wp-json\/wp\/v2\/pages"}],"about":[{"href":"https:\/\/eat-life.fundesplai.org\/es\/wp-json\/wp\/v2\/types\/page"}],"author":[{"embeddable":true,"href":"https:\/\/eat-life.fundesplai.org\/es\/wp-json\/wp\/v2\/users\/12"}],"replies":[{"embeddable":true,"href":"https:\/\/eat-life.fundesplai.org\/es\/wp-json\/wp\/v2\/comments?post=5806"}],"version-history":[{"count":1,"href":"https:\/\/eat-life.fundesplai.org\/es\/wp-json\/wp\/v2\/pages\/5806\/revisions"}],"predecessor-version":[{"id":5810,"href":"https:\/\/eat-life.fundesplai.org\/es\/wp-json\/wp\/v2\/pages\/5806\/revisions\/5810"}],"up":[{"embeddable":true,"href":"https:\/\/eat-life.fundesplai.org\/es\/wp-json\/wp\/v2\/pages\/5808"}],"wp:attachment":[{"href":"https:\/\/eat-life.fundesplai.org\/es\/wp-json\/wp\/v2\/media?parent=5806"}],"curies":[{"name":"wp","href":"https:\/\/api.w.org\/{rel}","templated":true}]}}